{"id":46,"date":"2021-07-27T21:00:13","date_gmt":"2021-07-27T21:00:13","guid":{"rendered":"https:\/\/impormaderasltda.com\/?page_id=46"},"modified":"2022-07-28T19:09:35","modified_gmt":"2022-07-28T19:09:35","slug":"politica-de-privacidad","status":"publish","type":"page","link":"https:\/\/impormaderasltda.com\/index.php\/politica-de-privacidad\/","title":{"rendered":"POL\u00cdTICA DE PRIVACIDAD"},"content":{"rendered":"\n<p id=\"u46768-4\"><\/p>\n\n\n\n<p id=\"u46768-5\">&nbsp;<\/p>\n\n\n<div class=\"wp-block-image wp-duotone-rgb7321831-rgb566960-1\">\n<figure class=\"aligncenter size-full is-resized\"><img fetchpriority=\"high\" decoding=\"async\" src=\"https:\/\/impormaderasltda.com\/wp-content\/uploads\/2021\/07\/politica.png\" alt=\"\" class=\"wp-image-230\" width=\"233\" height=\"233\" srcset=\"https:\/\/impormaderasltda.com\/wp-content\/uploads\/2021\/07\/politica.png 512w, https:\/\/impormaderasltda.com\/wp-content\/uploads\/2021\/07\/politica-300x300.png 300w, https:\/\/impormaderasltda.com\/wp-content\/uploads\/2021\/07\/politica-150x150.png 150w\" sizes=\"(max-width: 233px) 100vw, 233px\" \/><\/figure>\n<\/div>\n\n\n<hr class=\"wp-block-separator has-css-opacity\"\/>\n\n\n\n<p class=\"has-text-align-center\"><\/p>\n\n\n\n<p id=\"u46768-8\">IMPORMADERAS Ltda., sociedad comercial legalmente registrada en la C\u00e1mara de Comercio de Cali, identificada con el NIT. 805.028.705-6 ubicada en la CRA 8 # 17-55 Barrio San Nicol\u00e1s de la ciudad de Cali Valle &#8211; Colombia correo electr\u00f3nico&nbsp;pqrs@impormaderasltda.com, en virtud de lo establecido en la normatividad vigente en materia de protecci\u00f3n de datos personales seg\u00fan la ley 1581 de 2012, el Decreto 1377 de 2013, Decreto 886 de 2014 y Decreto 1074 del 26 de mayo de 2015, que permite poner en conocimiento del inter\u00e9s p\u00fablico, de sus clientes, trabajadores, aliados, colaboradores y proveedores su POL\u00cdTICA DE TRATAMIENTO DE LA INFORMACI\u00d3N Y DATOS PERSONALES.<\/p>\n\n\n\n<p id=\"u46768-9\">&nbsp;<\/p>\n\n\n\n<p id=\"u46768-11\">Alcance La Pol\u00edtica de Tratamiento y Protecci\u00f3n de Datos Personales de IMPORMADERAS Ltda.<\/p>\n\n\n\n<p id=\"u46768-12\">&nbsp;<\/p>\n\n\n\n<p id=\"u46768-14\">Aplicable a las bases de datos, archivos y\/o documentos que contengan Datos personales y que son objeto de Tratamiento de IMPORMADERAS Ltda., como entidad responsable de dicho manejo y responsable del ejercicio de los deberes contenidos en la Ley 1581 de 2012 y Decreto 1377 de 2013.<\/p>\n\n\n\n<p id=\"u46768-16\">Identificaci\u00f3n del responsable y encargado del Tratamiento de Datos personales.<\/p>\n\n\n\n<p id=\"u46768-18\">Entidad: IMPORMADERAS Ltda.<\/p>\n\n\n\n<p id=\"u46768-20\">Domicilio Principal: Carrera 8 No. 17 \u2013 55 San Nicol\u00e1s Cali Valle Colombia-<\/p>\n\n\n\n<p id=\"u46768-22\">N\u00famero de Identificaci\u00f3n Tributaria NIT: 805028705-6<\/p>\n\n\n\n<p id=\"u46768-24\">PBX: (+57) (2) 8802811<\/p>\n\n\n\n<p id=\"u46768-26\">Correo electr\u00f3nico:&nbsp;pqrs@impormaderasltda.com<\/p>\n\n\n\n<p id=\"u46768-28\">Horario de atenci\u00f3n: lunes a viernes de 8:00 a.m. a 6:00 p.m. &#8211; s\u00e1bados de 8:00 a 1:00 pm<\/p>\n\n\n\n<p id=\"u46768-29\">&nbsp;<\/p>\n\n\n\n<p id=\"u46768-31\">Objetivo.<\/p>\n\n\n\n<p id=\"u46768-32\">&nbsp;<\/p>\n\n\n\n<p id=\"u46768-34\">La presente pol\u00edtica tiene como objetivo informar a todos los titulares de sus datos personales el tratamiento que se le dar\u00e1 a los mismos cuando est\u00e9n en poder de nuestra compa\u00f1\u00eda, igualmente los procedimientos expeditos que aqu\u00ed se establecen para el acceso a la informaci\u00f3n, alguna reclamaci\u00f3n y\/o solicitud sobre dicho manejo, siempre por supuesto a la luz de las disposiciones constitucionales y el derecho de todas las personas a conocer, actualizar y rectificar las informaciones que se hayan obtenido sobre ellas en bases de datos.<\/p>\n\n\n\n<p id=\"u46768-36\">El marco legal de IMPORMADERAS Ltda., establece en concordancia con la Constituci\u00f3n Pol\u00edtica de Colombia, especialmente en sus art\u00edculos 15 y 20, los cuales determinan el derecho a la informaci\u00f3n, las libertades y garant\u00edas de todos los ciudadanos con respecto a sus datos personales, a su vez, lo preceptuado por la Ley Estatutaria 1581 de 2012, por medio de la cual se dictan disposiciones generales para la protecci\u00f3n de la informaci\u00f3n y los datos personales.<\/p>\n\n\n\n<p id=\"u46768-37\">&nbsp;<\/p>\n\n\n\n<p id=\"u46768-39\">Definiciones.<\/p>\n\n\n\n<p id=\"u46768-40\">&nbsp;<\/p>\n\n\n\n<p id=\"u46768-42\">Autorizaci\u00f3n: consentimiento previo, expreso e informado del titular para el Tratamiento de Datos personales.<\/p>\n\n\n\n<p id=\"u46768-44\">Base de datos: conjunto organizado de datos personales objeto de Tratamiento.<\/p>\n\n\n\n<p id=\"u46768-46\">Dato personal: cualquier informaci\u00f3n vinculada o que pueda asociarse a una o varias personas naturales.<\/p>\n\n\n\n<p id=\"u46768-48\">Dato personal p\u00fablico: es el Dato personal que no sea semiprivado, privado o sensible. Son considerados datos p\u00fablicos, entre otros, los datos relativos al estado civil de las personas, a su profesi\u00f3n u oficio y a su calidad de comerciante o de servidor p\u00fablico.<\/p>\n\n\n\n<p id=\"u46768-50\">Dato personal semiprivado: son datos que no tienen una naturaleza \u00edntima, reservada, ni p\u00fablica y cuyo conocimiento o divulgaci\u00f3n puede interesar no solo a su titular, sino a un grupo de personas o a la sociedad en general, ejemplo: dato financiero y crediticio.<\/p>\n\n\n\n<p id=\"u46768-52\">Dato personal privado: es la informaci\u00f3n de naturaleza \u00edntima o reservada que, por encontrarse en un \u00e1mbito privado, s\u00f3lo puede ser obtenida y ofrecida por orden de autoridad judicial en el cumplimiento de sus funciones, as\u00ed como por decisi\u00f3n del titular de los mismos.<\/p>\n\n\n\n<p id=\"u46768-54\">Dato personal sensible: aquellos que afectan la intimidad del titular o cuyo uso indebido puede generar su discriminaci\u00f3n, tales como aquellos que revelen el origen racial o \u00e9tnico, la orientaci\u00f3n pol\u00edtica, las convicciones religiosas o filos\u00f3ficas, la pertenencia a sindicatos, organizaciones sociales, de derechos humanos o que promueva intereses de cualquier partido pol\u00edtico o que garanticen los derechos y garant\u00edas de partidos pol\u00edticos de oposici\u00f3n, as\u00ed como los datos relativos a la salud, a la vida sexual, y los datos biom\u00e9tricos.<\/p>\n\n\n\n<p id=\"u46768-55\">&nbsp;<\/p>\n\n\n\n<p id=\"u46768-57\">PRINCIPIOS RECTORES DE LA POL\u00cdTICA.<\/p>\n\n\n\n<p id=\"u46768-58\">&nbsp;<\/p>\n\n\n\n<p id=\"u46768-60\">Principio de legalidad: El tratamiento a que se refiere la Ley 1581 de 2012, es una actividad reglamentada que debe sujetarse a lo establecido en ella, al Decreto 1074 de 2016 y las dem\u00e1s normas que los desarrollen, modifiquen o adicionen.<\/p>\n\n\n\n<p id=\"u46768-61\">&nbsp;<\/p>\n\n\n\n<p id=\"u46768-63\">Principio de finalidad: El tratamiento debe obedecer a una o varias finalidades leg\u00edtimas de acuerdo con la Constituci\u00f3n y la Ley, la cual debe ser informada al titular.<\/p>\n\n\n\n<p id=\"u46768-64\">&nbsp;<\/p>\n\n\n\n<p id=\"u46768-66\">Principio de libertad: El tratamiento solo puede ejercerse con el consentimiento, previo, expreso e informado del titular. Los datos personales no podr\u00e1n ser obtenidos o divulgados sin previa autorizaci\u00f3n, o en ausencia de mandato legal o judicial que releve el consentimiento.<\/p>\n\n\n\n<p id=\"u46768-67\">&nbsp;<\/p>\n\n\n\n<p id=\"u46768-69\">Principio de Veracidad o Calidad: La informaci\u00f3n sujeta a tratamiento debe ser veraz, completa, exacta, actualizada, comprobable y comprensible. Se proh\u00edbe el tratamiento de datos parciales, incompletos, fraccionados o que induzcan a error.<\/p>\n\n\n\n<p id=\"u46768-71\">Principio de transparencia: En el tratamiento debe garantizarse el derecho del titular a obtener de nuestra compa\u00f1\u00eda, en cualquier momento y sin restricciones, informaci\u00f3n acerca de la existencia de datos que le conciernan.<\/p>\n\n\n\n<p id=\"u46768-72\">&nbsp;<\/p>\n\n\n\n<p id=\"u46768-74\">Principio de Acceso y Circulaci\u00f3n Restringida: El tratamiento se sujeta a los l\u00edmites que se derivan de la naturaleza de los datos personales, de las disposiciones de Ley y la Constituci\u00f3n. En este sentido, el tratamiento solo podr\u00e1\u0301 hacerse por personas autorizadas por el titular y\/o por las personas previstas en la Ley. Los datos personales, salvo la informaci\u00f3n p\u00fablica, no podr\u00e1n estar disponibles en Internet u otros medios de divulgaci\u00f3n o comunicaci\u00f3n masiva, salvo que el acceso sea t\u00e9cnicamente controlable para brindar un conocimiento restringido solo a los titulares o terceros autorizados conforme a la ley.<\/p>\n\n\n\n<p id=\"u46768-75\">&nbsp;<\/p>\n\n\n\n<p id=\"u46768-77\">Principio de seguridad: La informaci\u00f3n sujeta a tratamiento por la Empresa se deber\u00e1\u0301\u0301 manejar con las medidas t\u00e9cnicas, humanas y administrativas que sean necesarias para otorgar seguridad a los registros, evitando su adulteraci\u00f3n, p\u00e9rdida, consulta, uso o acceso no autorizado o fraudulento.<\/p>\n\n\n\n<p id=\"u46768-78\">&nbsp;<\/p>\n\n\n\n<p id=\"u46768-80\">Principio de Confidencialidad: Todas las personas que intervengan en el tratamiento de datos personales que no tengan la naturaleza de p\u00fablicos est\u00e1n obligadas a garantizar la reserva de la informaci\u00f3n, inclusive despu\u00e9s de finalizada su relaci\u00f3n con alguna de las labores que comprende el tratamiento, pudiendo solo realizar suministro o comunicaci\u00f3n de datos personales cuando ello corresponda al desarrollo de las actividades autorizadas en la Ley y en los t\u00e9rminos de la misma.<\/p>\n\n\n\n<p id=\"u46768-82\">Personas a quienes IMPORMADERAS Ltda., puede suministrar la informaci\u00f3n y que cumpla con las condiciones definidas en la Ley.<\/p>\n\n\n\n<p id=\"u46768-84\">A los titulares, sus causahabientes (cuando aquellos falten) o a sus representantes legales.<\/p>\n\n\n\n<p id=\"u46768-86\">A las entidades p\u00fablicas o administrativas en ejercicio de sus funciones legales o por orden judicial.<\/p>\n\n\n\n<p id=\"u46768-88\">A los Encargados del Tratamiento con un contrato de Transmisi\u00f3n de Datos personales de conformidad al art\u00edculo 25 del Decreto 1377 de 2013.<\/p>\n\n\n\n<p id=\"u46768-90\">A los terceros autorizados por el titular o por la Ley.<\/p>\n\n\n\n<p id=\"u46768-91\">&nbsp;<\/p>\n\n\n\n<p id=\"u46768-93\">Derechos.<\/p>\n\n\n\n<p id=\"u46768-94\">&nbsp;<\/p>\n\n\n\n<p id=\"u46768-96\">\u2022 Conocer, actualizar y rectificar sus datos personales<\/p>\n\n\n\n<p id=\"u46768-98\">\u2022 Solicitar prueba de la autorizaci\u00f3n otorgada<\/p>\n\n\n\n<p id=\"u46768-100\">\u2022 Conocer el uso que se ha dado a sus datos<\/p>\n\n\n\n<p id=\"u46768-102\">\u2022 Revocar la autorizaci\u00f3n y\/o solicitar la supresi\u00f3n del dato<\/p>\n\n\n\n<p id=\"u46768-104\">\u2022 Acceder a sus datos seg\u00fan los derechos que le otorga el art\u00edculo 8 de la ley 1581 de 2012<\/p>\n\n\n\n<p id=\"u46768-105\">&nbsp;<\/p>\n\n\n\n<p id=\"u46768-107\">Finalidad.<\/p>\n\n\n\n<p id=\"u46768-108\">&nbsp;<\/p>\n\n\n\n<p id=\"u46768-110\">Por medio de esta Pol\u00edtica que reglamenta el tratamiento que se le dar\u00e1 a los datos personales y la informaci\u00f3n por parte de la Empresa, se garantiza que la informaci\u00f3n recolectada y administrada por IMPORMADERAS Ltda., ser\u00e1 \u00fanica y exclusivamente para el desarrollo de las actividades directamente ligadas al objeto social de la Empresa seg\u00fan las siguientes finalidades:<\/p>\n\n\n\n<p id=\"u46768-112\">\u2022 Gesti\u00f3n contable, fiscal y administrativa &#8211; Gesti\u00f3n de facturaci\u00f3n, cobros y pagos.<\/p>\n\n\n\n<p id=\"u46768-114\">\u2022 Publicidad y prospecci\u00f3n comercial &#8211; Publicidad propia Marketing &#8211; Segmentaci\u00f3n de mercados<\/p>\n\n\n\n<p id=\"u46768-116\">\u2022 Recursos humanos \u2013 Gesti\u00f3n de personal \u2013 Nomina \u2013 Seguridad Social \u2013 Riesgos laborales<\/p>\n\n\n\n<p id=\"u46768-117\">&nbsp;<\/p>\n\n\n\n<p id=\"u46768-118\">&nbsp;<\/p>\n\n\n\n<p id=\"u46768-120\">Dependencia responsable ante las consultas, peticiones, quejas y reclamos de titulares.<\/p>\n\n\n\n<p id=\"u46768-121\">&nbsp;<\/p>\n\n\n\n<p id=\"u46768-123\">La Empresa ha designado al \u00e1rea de Marketing para el tratamiento de datos personales, para atender de manera inmediata y adecuada las peticiones, quejas, reclamos y solicitudes que eleven los titulares a la Empresa.<\/p>\n\n\n\n<p id=\"u46768-124\">&nbsp;<\/p>\n\n\n\n<p id=\"u46768-126\">Procedimiento.<\/p>\n\n\n\n<p id=\"u46768-127\">&nbsp;<\/p>\n\n\n\n<p id=\"u46768-129\">L\u00ednea telef\u00f3nica PBX (2) 8802811 ext. 100 en la ciudad de Cali, en el mismo se brindar\u00e1 informaci\u00f3n general a los titulares de los datos personales o sus representantes, en la misma se podr\u00e1 actualizar, corregir, rectificar y solicitar cualquier novedad referente a la informaci\u00f3n y datos personales, incluso revocar la autorizaci\u00f3n otorgada para el tratamiento.<\/p>\n\n\n\n<p id=\"u46768-130\">&nbsp;<\/p>\n\n\n\n<p id=\"u46768-132\">Igualmente se habilit\u00f3 el correo electr\u00f3nico:&nbsp;pqrs@impormaderasltda.com&nbsp;para todo lo concerniente a esta pol\u00edtica. Ahora bien, en el caso de que el titular desee tramitar su solicitud de manera f\u00edsica, se puede radicar en la direcci\u00f3n CRA 8 # 17-55 Barrio San Nicol\u00e1s en la ciudad de Cali Valle Colombia.<\/p>\n\n\n\n<p id=\"u46768-133\">&nbsp;<\/p>\n\n\n\n<p id=\"u46768-135\">En los t\u00e9rminos del art\u00edculo 13 de Ley 1581 de 2012, las informaciones y datos personales podr\u00e1n ser suministrados, previa solicitud escrita para el efecto, a las siguientes personas:<\/p>\n\n\n\n<p id=\"u46768-136\">&nbsp;<\/p>\n\n\n\n<p id=\"u46768-138\">\u2022 A los respectivos titulares, sus causahabientes o sus representantes legales.<\/p>\n\n\n\n<p id=\"u46768-140\">\u2022 A las entidades p\u00fablicas o administrativas en ejercicio de sus funciones.<\/p>\n\n\n\n<p id=\"u46768-142\">\u2022 A los terceros que hubieren sido expresamente autorizados por el titular de los datos o que por expresa disposici\u00f3n legal y est\u00e9n facultados para solicitar la informaci\u00f3n.<\/p>\n\n\n\n<p id=\"u46768-143\">&nbsp;<\/p>\n\n\n\n<p id=\"u46768-145\">Seguridad de la informaci\u00f3n y medidas de seguridad.<\/p>\n\n\n\n<p id=\"u46768-146\">&nbsp;<\/p>\n\n\n\n<p id=\"u46768-148\">En desarrollo del principio de seguridad establecido en la normativa vigente, IMPORMADERAS Ltda., adopta las medidas t\u00e9cnicas, humanas y administrativas para otorgar seguridad a los registros evitando su adulteraci\u00f3n, p\u00e9rdida, consulta, uso o acceso no autorizado o fraudulento.<\/p>\n\n\n\n<p><strong>AUTORIZACI\u00d3N PARA EL TRATAMIENTO DE DATOS PERSONALES Y CONSULTA EN LISTAS RESTRICTIVAS IMPORMADERAS Ltda.<\/strong><\/p>\n\n\n\n<p>De conformidad con la Ley 1581 de 2012 y el Decreto 1377 de 2013, declaro que entrego de forma libre y voluntaria los siguientes datos personales: Nombres y apellidos o raz\u00f3n social, documentos de identificaci\u00f3n, direcci\u00f3n, ciudad, tel\u00e9fonos, celular y correo electr\u00f3nico entre otros. Para lo cual, autorizo de manera libre, expresa inequ\u00edvoca e informada, a IMPORMADERAS LTDA., o a quien represente sus derechos, para que realice la recolecci\u00f3n, almacenamiento, uso, circulaci\u00f3n, supresi\u00f3n, y en general, el tratamiento de mis datos personales con los siguientes fines: Facturaci\u00f3n, recaudo, reporte de informaci\u00f3n requerida ante entes de control, establecer acuerdos comerciales, verificaci\u00f3n de referencias de legalidad y riesgo ante los organismos respectivos, medir niveles de satisfacci\u00f3n, informar sobre campa\u00f1as de servicio promocionales,realizar encuestas, recordatorio para procedimientos y mantenimientos, ejecutar campa\u00f1as de fidelizaci\u00f3n, realizar remisiones y pedidos, actualizaci\u00f3n de datos, ofrecimiento de productos y servicios, comunicar informaci\u00f3n relacionada con productos para la financiaci\u00f3n en la adquisici\u00f3n de productos y comunicar noticias de ante IMPORMADERAS LTDA., evaluar la calidad y satisfacci\u00f3n de clientes y proveedores, dar tr\u00e1mite a quejas, peticiones, recomendaciones y generar acciones de mejora. Declaro que se me ha informado de manera clara y comprensible que tengo derecho a conocer, actualizar y rectificar los datos personales proporcionados, a solicitar prueba de esta autorizaci\u00f3n, a solicitar informaci\u00f3n sobre el uso que se le ha dado a mis datos personales,a presentar quejas ante la Superintendencia de Industria y Comercio por el uso indebido de mis datos personales, a revocar esta autorizaci\u00f3n o solicitar la supresi\u00f3n de los datos personales suministrados y a acceder de forma gratuita a los mismos. Declaro que la informaci\u00f3n por m\u00ed proporcionada es veraz, completa, exacta, actualizada y verificable. Mediante la firma del presente documento, manifiesto que reconozco y acepto que cualquier consulta o reclamaci\u00f3n relacionada con el tratamiento de mis datos personales podr\u00e1 ser elevada verbalmente o por escrito ante IMPORMADERAS LTDA., como responsable del tratamiento, cuyo tel\u00e9fono de atenci\u00f3n es 8802811, y su direcci\u00f3n es CRA 8 # 17-55 BARRIO SAN NICOLAS en la ciudad de Cali Valle Colombia, o al correo electr\u00f3nicoa revocar esta autorizaci\u00f3n o solicitar la supresi\u00f3n de los datos personales suministrados y a acceder de forma gratuita a los mismos. Declaro que la informaci\u00f3n por m\u00ed proporcionada es veraz, completa, exacta, actualizada y verificable. Mediante la firma del presente documento, manifiesto que reconozco y acepto que cualquier consulta o reclamaci\u00f3n relacionada con el tratamiento de mis datos personales podr\u00e1 ser elevada verbalmente o por escrito ante IMPORMADERAS LTDA., como responsable del tratamiento, cuyo tel\u00e9fono de atenci\u00f3n es 8802811, y su direcci\u00f3n es CRA 8 # 17-55 BARRIO SAN NICOLAS en la ciudad de Cali Valle Colombia, o al correo electr\u00f3nicoa revocar esta autorizaci\u00f3n o solicitar la supresi\u00f3n de los datos personales suministrados y a acceder de forma gratuita a los mismos. Declaro que la informaci\u00f3n por m\u00ed proporcionada es veraz, completa, exacta, actualizada y verificable. Mediante la firma del presente documento, manifiesto que reconozco y acepto que cualquier consulta o reclamaci\u00f3n relacionada con el tratamiento de mis datos personales podr\u00e1 ser elevada verbalmente o por escrito ante IMPORMADERAS LTDA., como responsable del tratamiento, cuyo tel\u00e9fono de atenci\u00f3n es 8802811, y su direcci\u00f3n es CRA 8 # 17-55 BARRIO SAN NICOLAS en la ciudad de Cali Valle Colombia, o al correo electr\u00f3nicoMediante la firma del presente documento, manifiesto que reconozco y acepto que cualquier consulta o reclamaci\u00f3n relacionada con el tratamiento de mis datos personales podr\u00e1 ser elevada verbalmente o por escrito ante IMPORMADERAS LTDA., como responsable del tratamiento, cuyo tel\u00e9fono de atenci\u00f3n es 8802811, y su direcci\u00f3n es CRA 8 # 17-55 BARRIO SAN NICOLAS en la ciudad de Cali Valle Colombia, o al correo electr\u00f3nicoMediante la firma del presente documento, manifiesto que reconozco y acepto que cualquier consulta o reclamaci\u00f3n relacionada con el tratamiento de mis datos personales podr\u00e1 ser elevada verbalmente o por escrito ante IMPORMADERAS LTDA., como responsable del tratamiento, cuyo tel\u00e9fono de atenci\u00f3n es 8802811, y su direcci\u00f3n es CRA 8 # 17-55 BARRIO SAN NICOLAS en la ciudad de Cali Valle Colombia, o al correo electr\u00f3nico<a href=\"mailto:pqrs@impormaderasltda.com\" target=\"_blank\" rel=\"noreferrer noopener\">pqrs@impormaderasltda.com<\/a>.<\/p>\n\n\n\n<p>Manifiesto que los recursos que componen mi patrimonio no provienen de lavado de activos, financiaci\u00f3n del terrorismo, narcotr\u00e1fico, captaci\u00f3n ilegal de dineros y en general de cualquier actividad il\u00edcita. El origen de mis fondos se deriva del ejercicio de mis negocios o actividades profesionales l\u00edcitas.<\/p>\n\n\n\n<p>De forma voluntaria e informada, autorizo la consulta, verificaci\u00f3n y monitoreo de informaci\u00f3n pertinente para la prevenci\u00f3n de riesgos de LAVADO DE ACTIVOS y FINANCIACI\u00d3N DEL TERRORISMO en las listas restrictivas que IMPORMADERAS LTDA, tanga a bien consultar, en desarrollo de las obligaciones legales que tiene y ejerce.\u201d<\/p>\n\n\n\n<p><strong>NOTA: Si dentro de los (30) d\u00edas siguientes a la presente comunicaci\u00f3n, IMPORMADERAS LTDA no ha recibido solicitud de supresi\u00f3n de los datos personales, con base en lo establecido en el art\u00edculo 10 del decreto 1377 de 2013, IMPORMADERAS LTDA, podr\u00e1 continuar realizando el tratamiento de sus datos para las finalidades indicadas en la pol\u00edtica y legislaci\u00f3n\u00a0vigente\u00a0para tal fin.<\/strong><\/p>\n\n\n\n<p id=\"u46768-151\">La presente Pol\u00edtica entra en vigencia a los 1 d\u00edas del mes de enero de 2014.<\/p>\n\n\n\n<p id=\"u46768-152\">&nbsp;<\/p>\n","protected":false},"excerpt":{"rendered":"<p>&nbsp; IMPORMADERAS Ltda., sociedad comercial legalmente registrada en la C\u00e1mara de Comercio de Cali, identificada con el NIT. 805.028.705-6 ubicada en la CRA 8 # 17-55 Barrio San Nicol\u00e1s de la ciudad de Cali Valle &#8211; Colombia correo electr\u00f3nico&nbsp;pqrs@impormaderasltda.com, en virtud de lo establecido en la normatividad vigente en materia de protecci\u00f3n de datos personales [&hellip;]<\/p>\n","protected":false},"author":1,"featured_media":0,"parent":0,"menu_order":0,"comment_status":"closed","ping_status":"closed","template":"template-full-width.php","meta":{"om_disable_all_campaigns":false,"_monsterinsights_skip_tracking":false,"_monsterinsights_sitenote_active":false,"_monsterinsights_sitenote_note":"","_monsterinsights_sitenote_category":0,"footnotes":""},"class_list":["post-46","page","type-page","status-publish","hentry"],"_links":{"self":[{"href":"https:\/\/impormaderasltda.com\/index.php\/wp-json\/wp\/v2\/pages\/46","targetHints":{"allow":["GET"]}}],"collection":[{"href":"https:\/\/impormaderasltda.com\/index.php\/wp-json\/wp\/v2\/pages"}],"about":[{"href":"https:\/\/impormaderasltda.com\/index.php\/wp-json\/wp\/v2\/types\/page"}],"author":[{"embeddable":true,"href":"https:\/\/impormaderasltda.com\/index.php\/wp-json\/wp\/v2\/users\/1"}],"replies":[{"embeddable":true,"href":"https:\/\/impormaderasltda.com\/index.php\/wp-json\/wp\/v2\/comments?post=46"}],"version-history":[{"count":15,"href":"https:\/\/impormaderasltda.com\/index.php\/wp-json\/wp\/v2\/pages\/46\/revisions"}],"predecessor-version":[{"id":2042,"href":"https:\/\/impormaderasltda.com\/index.php\/wp-json\/wp\/v2\/pages\/46\/revisions\/2042"}],"wp:attachment":[{"href":"https:\/\/impormaderasltda.com\/index.php\/wp-json\/wp\/v2\/media?parent=46"}],"curies":[{"name":"wp","href":"https:\/\/api.w.org\/{rel}","templated":true}]}}