{"id":43,"date":"2021-07-27T20:57:21","date_gmt":"2021-07-27T20:57:21","guid":{"rendered":"https:\/\/impormaderasltda.com\/?page_id=43"},"modified":"2025-09-12T21:38:15","modified_gmt":"2025-09-12T21:38:15","slug":"inspirate","status":"publish","type":"page","link":"https:\/\/impormaderasltda.com\/index.php\/inspirate\/","title":{"rendered":"INSP\u00cdRATE"},"content":{"rendered":"\t\t<div data-elementor-type=\"wp-page\" data-elementor-id=\"43\" class=\"elementor elementor-43\">\n\t\t\t\t\t\t<section class=\"elementor-section elementor-top-section elementor-element elementor-element-b05f376 elementor-section-boxed elementor-section-height-default elementor-section-height-default\" data-id=\"b05f376\" data-element_type=\"section\" data-e-type=\"section\">\n\t\t\t\t\t\t<div class=\"elementor-container elementor-column-gap-default\">\n\t\t\t\t\t<div class=\"elementor-column elementor-col-66 elementor-top-column elementor-element elementor-element-d2ae5ac\" data-id=\"d2ae5ac\" data-element_type=\"column\" data-e-type=\"column\">\n\t\t\t<div class=\"elementor-widget-wrap elementor-element-populated\">\n\t\t\t\t\t\t<div class=\"elementor-element elementor-element-bb966af elementor-widget elementor-widget-image\" data-id=\"bb966af\" data-element_type=\"widget\" data-e-type=\"widget\" data-settings=\"{&quot;_animation&quot;:&quot;none&quot;}\" data-widget_type=\"image.default\">\n\t\t\t\t<div class=\"elementor-widget-container\">\n\t\t\t\t\t\t\t\t\t\t\t\t\t\t\t<img fetchpriority=\"high\" decoding=\"async\" width=\"640\" height=\"640\" src=\"https:\/\/impormaderasltda.com\/wp-content\/uploads\/2021\/11\/24-SEP-ULTRAMAR-1024x1024.png\" class=\"elementor-animation-grow attachment-large size-large wp-image-2091\" alt=\"\" srcset=\"https:\/\/impormaderasltda.com\/wp-content\/uploads\/2021\/11\/24-SEP-ULTRAMAR-1024x1024.png 1024w, https:\/\/impormaderasltda.com\/wp-content\/uploads\/2021\/11\/24-SEP-ULTRAMAR-300x300.png 300w, https:\/\/impormaderasltda.com\/wp-content\/uploads\/2021\/11\/24-SEP-ULTRAMAR-150x150.png 150w, https:\/\/impormaderasltda.com\/wp-content\/uploads\/2021\/11\/24-SEP-ULTRAMAR-768x768.png 768w, https:\/\/impormaderasltda.com\/wp-content\/uploads\/2021\/11\/24-SEP-ULTRAMAR.png 1200w\" sizes=\"(max-width: 640px) 100vw, 640px\" \/>\t\t\t\t\t\t\t\t\t\t\t\t\t\t\t<\/div>\n\t\t\t\t<\/div>\n\t\t\t\t<div class=\"elementor-element elementor-element-28889b0 elementor-widget-divider--view-line elementor-widget elementor-widget-divider\" data-id=\"28889b0\" data-element_type=\"widget\" data-e-type=\"widget\" data-widget_type=\"divider.default\">\n\t\t\t\t<div class=\"elementor-widget-container\">\n\t\t\t\t\t\t\t<div class=\"elementor-divider\">\n\t\t\t<span class=\"elementor-divider-separator\">\n\t\t\t\t\t\t<\/span>\n\t\t<\/div>\n\t\t\t\t\t\t<\/div>\n\t\t\t\t<\/div>\n\t\t\t\t\t<\/div>\n\t\t<\/div>\n\t\t\t\t<div class=\"elementor-column elementor-col-33 elementor-top-column elementor-element elementor-element-889fa1d\" data-id=\"889fa1d\" data-element_type=\"column\" data-e-type=\"column\">\n\t\t\t<div class=\"elementor-widget-wrap elementor-element-populated\">\n\t\t\t\t\t\t<div class=\"elementor-element elementor-element-eed6bcc elementor-widget elementor-widget-text-editor\" data-id=\"eed6bcc\" data-element_type=\"widget\" data-e-type=\"widget\" data-widget_type=\"text-editor.default\">\n\t\t\t\t<div class=\"elementor-widget-container\">\n\t\t\t\t\t\t\t\t\t<div class=\"kvgmc6g5 cxmmr5t8 oygrvhab hcukyx3x c1et5uql ii04i59q\" style=\"overflow-wrap: break-word; margin: 0px; white-space: pre-wrap; font-family: 'Segoe UI Historic', 'Segoe UI', Helvetica, Arial, sans-serif; color: #050505; font-size: 15px;\"><div dir=\"auto\" style=\"font-family: inherit; text-align: justify;\">IMPORMADERAS Ltda &#8211; Insp\u00edrate. <span class=\"pq6dq46d tbxw36s4 knj5qynh kvgmc6g5 ditlmg2l oygrvhab nvdbi5me sf5mxxl7 gl3lb2sf hhz5lgdu\" style=\"margin: 0px 1px; height: 16px; width: 16px; display: inline-flex; vertical-align: middle; font-family: inherit;\"><img decoding=\"async\" style=\"border-width: 0px; border-style: initial;\" src=\"https:\/\/static.xx.fbcdn.net\/images\/emoji.php\/v9\/tac\/1\/16\/2665.png\" alt=\"\u2665\ufe0f\" width=\"16\" height=\"16\" \/><\/span><\/div><\/div><div class=\"o9v6fnle cxmmr5t8 oygrvhab hcukyx3x c1et5uql ii04i59q\" style=\"overflow-wrap: break-word; margin: 0.5em 0px 0px; white-space: pre-wrap; font-family: 'Segoe UI Historic', 'Segoe UI', Helvetica, Arial, sans-serif; color: #050505; font-size: 15px; text-align: justify;\"><div dir=\"auto\" style=\"font-family: inherit;\">Hoy utilizamos el laminado ULTRAMAR de la marca Duratex <span class=\"pq6dq46d tbxw36s4 knj5qynh kvgmc6g5 ditlmg2l oygrvhab nvdbi5me sf5mxxl7 gl3lb2sf hhz5lgdu\" style=\"margin: 0px 1px; height: 16px; width: 16px; display: inline-flex; vertical-align: middle; font-family: inherit;\"><img decoding=\"async\" style=\"border-width: 0px; border-style: initial;\" src=\"https:\/\/static.xx.fbcdn.net\/images\/emoji.php\/v9\/t2\/1\/16\/1f60d.png\" alt=\"\ud83d\ude0d\" width=\"16\" height=\"16\" \/><\/span><\/div><div dir=\"auto\" style=\"font-family: inherit;\">\u00a1Que bien se ve! <span class=\"pq6dq46d tbxw36s4 knj5qynh kvgmc6g5 ditlmg2l oygrvhab nvdbi5me sf5mxxl7 gl3lb2sf hhz5lgdu\" style=\"margin: 0px 1px; height: 16px; width: 16px; display: inline-flex; vertical-align: middle; font-family: inherit;\"><img loading=\"lazy\" decoding=\"async\" style=\"border-width: 0px; border-style: initial;\" src=\"https:\/\/static.xx.fbcdn.net\/images\/emoji.php\/v9\/tfb\/1\/16\/263a.png\" alt=\"\u263a\ufe0f\" width=\"16\" height=\"16\" \/><\/span><\/div><\/div><div class=\"o9v6fnle cxmmr5t8 oygrvhab hcukyx3x c1et5uql ii04i59q\" style=\"overflow-wrap: break-word; margin: 0.5em 0px 0px; white-space: pre-wrap; font-family: 'Segoe UI Historic', 'Segoe UI', Helvetica, Arial, sans-serif; color: #050505; font-size: 15px;\"><div dir=\"auto\" style=\"font-family: inherit; text-align: justify;\">Atr\u00e9vete a so\u00f1ar, crear y combinar. <span class=\"pq6dq46d tbxw36s4 knj5qynh kvgmc6g5 ditlmg2l oygrvhab nvdbi5me sf5mxxl7 gl3lb2sf hhz5lgdu\" style=\"margin: 0px 1px; height: 16px; width: 16px; display: inline-flex; vertical-align: middle; font-family: inherit;\"><img loading=\"lazy\" decoding=\"async\" style=\"border-width: 0px; border-style: initial;\" src=\"https:\/\/static.xx.fbcdn.net\/images\/emoji.php\/v9\/t7b\/1\/16\/1f44c.png\" alt=\"\ud83d\udc4c\" width=\"16\" height=\"16\" \/><\/span><\/div><\/div>\t\t\t\t\t\t\t\t<\/div>\n\t\t\t\t<\/div>\n\t\t\t\t\t<\/div>\n\t\t<\/div>\n\t\t\t\t\t<\/div>\n\t\t<\/section>\n\t\t\t\t<section class=\"elementor-section elementor-top-section elementor-element elementor-element-db51bf0 elementor-section-boxed elementor-section-height-default elementor-section-height-default\" data-id=\"db51bf0\" data-element_type=\"section\" data-e-type=\"section\">\n\t\t\t\t\t\t<div class=\"elementor-container elementor-column-gap-default\">\n\t\t\t\t\t<div class=\"elementor-column elementor-col-33 elementor-top-column elementor-element elementor-element-d353d50\" data-id=\"d353d50\" data-element_type=\"column\" data-e-type=\"column\">\n\t\t\t<div class=\"elementor-widget-wrap elementor-element-populated\">\n\t\t\t\t\t\t<div class=\"elementor-element elementor-element-8ef22b7 elementor-widget elementor-widget-text-editor\" data-id=\"8ef22b7\" data-element_type=\"widget\" data-e-type=\"widget\" data-widget_type=\"text-editor.default\">\n\t\t\t\t<div class=\"elementor-widget-container\">\n\t\t\t\t\t\t\t\t\t<div style=\"overflow-wrap: break-word; margin: 0px; white-space: pre-wrap; font-family: 'Segoe UI Historic', 'Segoe UI', Helvetica, Arial, sans-serif; color: #050505; font-size: 15px;\"><div dir=\"auto\" style=\"font-family: inherit; text-align: justify;\">IMPORMADERAS Ltda &#8211; Insp\u00edrate. <span style=\"margin: 0px 1px; height: 16px; width: 16px; display: inline-flex; vertical-align: middle; font-family: inherit;\"><img decoding=\"async\" style=\"border-width: 0px; border-style: initial;\" src=\"https:\/\/static.xx.fbcdn.net\/images\/emoji.php\/v9\/tac\/1\/16\/2665.png\" alt=\"\u2665\ufe0f\" width=\"16\" height=\"16\" \/><\/span><\/div><\/div><div style=\"overflow-wrap: break-word; margin: 0.5em 0px 0px; white-space: pre-wrap; font-family: 'Segoe UI Historic', 'Segoe UI', Helvetica, Arial, sans-serif; color: #050505; font-size: 15px; text-align: justify;\"><div dir=\"auto\" style=\"font-family: inherit;\">Hoy utilizamos el laminado VERDE OLIVO de la marca Duratex <span style=\"margin: 0px 1px; height: 16px; width: 16px; display: inline-flex; vertical-align: middle; font-family: inherit;\"><img decoding=\"async\" style=\"border-width: 0px; border-style: initial;\" src=\"https:\/\/static.xx.fbcdn.net\/images\/emoji.php\/v9\/t2\/1\/16\/1f60d.png\" alt=\"\ud83d\ude0d\" width=\"16\" height=\"16\" \/><\/span><\/div><div dir=\"auto\" style=\"font-family: inherit;\">\u00a1Que bien se ve! <span style=\"margin: 0px 1px; height: 16px; width: 16px; display: inline-flex; vertical-align: middle; font-family: inherit;\"><img loading=\"lazy\" decoding=\"async\" style=\"border-width: 0px; border-style: initial;\" src=\"https:\/\/static.xx.fbcdn.net\/images\/emoji.php\/v9\/tfb\/1\/16\/263a.png\" alt=\"\u263a\ufe0f\" width=\"16\" height=\"16\" \/><\/span><\/div><\/div><div style=\"overflow-wrap: break-word; margin: 0.5em 0px 0px; white-space: pre-wrap; font-family: 'Segoe UI Historic', 'Segoe UI', Helvetica, Arial, sans-serif; color: #050505; font-size: 15px;\"><div dir=\"auto\" style=\"font-family: inherit; text-align: justify;\">Atr\u00e9vete a so\u00f1ar, crear y combinar. <span style=\"margin: 0px 1px; height: 16px; width: 16px; display: inline-flex; vertical-align: middle; font-family: inherit;\"><img loading=\"lazy\" decoding=\"async\" style=\"border-width: 0px; border-style: initial;\" src=\"https:\/\/static.xx.fbcdn.net\/images\/emoji.php\/v9\/t7b\/1\/16\/1f44c.png\" alt=\"\ud83d\udc4c\" width=\"16\" height=\"16\" \/><\/span><\/div><\/div>\t\t\t\t\t\t\t\t<\/div>\n\t\t\t\t<\/div>\n\t\t\t\t<div class=\"elementor-element elementor-element-32093bf elementor-widget-divider--view-line elementor-widget elementor-widget-divider\" data-id=\"32093bf\" data-element_type=\"widget\" data-e-type=\"widget\" data-widget_type=\"divider.default\">\n\t\t\t\t<div class=\"elementor-widget-container\">\n\t\t\t\t\t\t\t<div class=\"elementor-divider\">\n\t\t\t<span class=\"elementor-divider-separator\">\n\t\t\t\t\t\t<\/span>\n\t\t<\/div>\n\t\t\t\t\t\t<\/div>\n\t\t\t\t<\/div>\n\t\t\t\t\t<\/div>\n\t\t<\/div>\n\t\t\t\t<div class=\"elementor-column elementor-col-66 elementor-top-column elementor-element elementor-element-15ba123\" data-id=\"15ba123\" data-element_type=\"column\" data-e-type=\"column\">\n\t\t\t<div class=\"elementor-widget-wrap elementor-element-populated\">\n\t\t\t\t\t\t<div class=\"elementor-element elementor-element-67e13e5 elementor-widget elementor-widget-image\" data-id=\"67e13e5\" data-element_type=\"widget\" data-e-type=\"widget\" data-settings=\"{&quot;_animation&quot;:&quot;none&quot;}\" data-widget_type=\"image.default\">\n\t\t\t\t<div class=\"elementor-widget-container\">\n\t\t\t\t\t\t\t\t\t\t\t\t\t\t\t<img loading=\"lazy\" decoding=\"async\" width=\"640\" height=\"640\" src=\"https:\/\/impormaderasltda.com\/wp-content\/uploads\/2021\/11\/iNSPIRATE-vERDE-oLIVO-1024x1024.png\" class=\"elementor-animation-grow attachment-large size-large wp-image-2094\" alt=\"\" srcset=\"https:\/\/impormaderasltda.com\/wp-content\/uploads\/2021\/11\/iNSPIRATE-vERDE-oLIVO-1024x1024.png 1024w, https:\/\/impormaderasltda.com\/wp-content\/uploads\/2021\/11\/iNSPIRATE-vERDE-oLIVO-300x300.png 300w, https:\/\/impormaderasltda.com\/wp-content\/uploads\/2021\/11\/iNSPIRATE-vERDE-oLIVO-150x150.png 150w, https:\/\/impormaderasltda.com\/wp-content\/uploads\/2021\/11\/iNSPIRATE-vERDE-oLIVO-768x768.png 768w, https:\/\/impormaderasltda.com\/wp-content\/uploads\/2021\/11\/iNSPIRATE-vERDE-oLIVO.png 1200w\" sizes=\"(max-width: 640px) 100vw, 640px\" \/>\t\t\t\t\t\t\t\t\t\t\t\t\t\t\t<\/div>\n\t\t\t\t<\/div>\n\t\t\t\t<div class=\"elementor-element elementor-element-da4113e elementor-widget-divider--view-line elementor-widget elementor-widget-divider\" data-id=\"da4113e\" data-element_type=\"widget\" data-e-type=\"widget\" data-widget_type=\"divider.default\">\n\t\t\t\t<div class=\"elementor-widget-container\">\n\t\t\t\t\t\t\t<div class=\"elementor-divider\">\n\t\t\t<span class=\"elementor-divider-separator\">\n\t\t\t\t\t\t<\/span>\n\t\t<\/div>\n\t\t\t\t\t\t<\/div>\n\t\t\t\t<\/div>\n\t\t\t\t\t<\/div>\n\t\t<\/div>\n\t\t\t\t\t<\/div>\n\t\t<\/section>\n\t\t\t\t<section class=\"elementor-section elementor-top-section elementor-element elementor-element-9bd93c9 elementor-section-boxed elementor-section-height-default elementor-section-height-default\" data-id=\"9bd93c9\" data-element_type=\"section\" data-e-type=\"section\">\n\t\t\t\t\t\t<div class=\"elementor-container elementor-column-gap-default\">\n\t\t\t\t\t<div class=\"elementor-column elementor-col-25 elementor-top-column elementor-element elementor-element-cb0ad09\" data-id=\"cb0ad09\" data-element_type=\"column\" data-e-type=\"column\">\n\t\t\t<div class=\"elementor-widget-wrap elementor-element-populated\">\n\t\t\t\t\t\t<div class=\"elementor-element elementor-element-74a4193 elementor-widget elementor-widget-image\" data-id=\"74a4193\" data-element_type=\"widget\" data-e-type=\"widget\" data-widget_type=\"image.default\">\n\t\t\t\t<div class=\"elementor-widget-container\">\n\t\t\t\t\t\t\t\t\t\t\t\t\t\t\t<img loading=\"lazy\" decoding=\"async\" width=\"640\" height=\"640\" src=\"https:\/\/impormaderasltda.com\/wp-content\/uploads\/2021\/11\/13-AGOSTO-1024x1024.png\" class=\"elementor-animation-grow attachment-large size-large wp-image-2055\" alt=\"\" srcset=\"https:\/\/impormaderasltda.com\/wp-content\/uploads\/2021\/11\/13-AGOSTO-1024x1024.png 1024w, https:\/\/impormaderasltda.com\/wp-content\/uploads\/2021\/11\/13-AGOSTO-300x300.png 300w, https:\/\/impormaderasltda.com\/wp-content\/uploads\/2021\/11\/13-AGOSTO-150x150.png 150w, https:\/\/impormaderasltda.com\/wp-content\/uploads\/2021\/11\/13-AGOSTO-768x768.png 768w, https:\/\/impormaderasltda.com\/wp-content\/uploads\/2021\/11\/13-AGOSTO.png 1200w\" sizes=\"(max-width: 640px) 100vw, 640px\" \/>\t\t\t\t\t\t\t\t\t\t\t\t\t\t\t<\/div>\n\t\t\t\t<\/div>\n\t\t\t\t\t<\/div>\n\t\t<\/div>\n\t\t\t\t<div class=\"elementor-column elementor-col-25 elementor-top-column elementor-element elementor-element-6125586\" data-id=\"6125586\" data-element_type=\"column\" data-e-type=\"column\">\n\t\t\t<div class=\"elementor-widget-wrap elementor-element-populated\">\n\t\t\t\t\t\t<div class=\"elementor-element elementor-element-d0c7597 elementor-widget elementor-widget-image\" data-id=\"d0c7597\" data-element_type=\"widget\" data-e-type=\"widget\" data-widget_type=\"image.default\">\n\t\t\t\t<div class=\"elementor-widget-container\">\n\t\t\t\t\t\t\t\t\t\t\t\t\t\t\t<img loading=\"lazy\" decoding=\"async\" width=\"640\" height=\"640\" src=\"https:\/\/impormaderasltda.com\/wp-content\/uploads\/2021\/11\/Fachada-Panelex-Francisco-Tellez-1024x1024.png\" class=\"elementor-animation-grow attachment-large size-large wp-image-2642\" alt=\"\" srcset=\"https:\/\/impormaderasltda.com\/wp-content\/uploads\/2021\/11\/Fachada-Panelex-Francisco-Tellez-1024x1024.png 1024w, https:\/\/impormaderasltda.com\/wp-content\/uploads\/2021\/11\/Fachada-Panelex-Francisco-Tellez-300x300.png 300w, https:\/\/impormaderasltda.com\/wp-content\/uploads\/2021\/11\/Fachada-Panelex-Francisco-Tellez-150x150.png 150w, https:\/\/impormaderasltda.com\/wp-content\/uploads\/2021\/11\/Fachada-Panelex-Francisco-Tellez-768x768.png 768w, https:\/\/impormaderasltda.com\/wp-content\/uploads\/2021\/11\/Fachada-Panelex-Francisco-Tellez-1536x1536.png 1536w, https:\/\/impormaderasltda.com\/wp-content\/uploads\/2021\/11\/Fachada-Panelex-Francisco-Tellez.png 2000w\" sizes=\"(max-width: 640px) 100vw, 640px\" \/>\t\t\t\t\t\t\t\t\t\t\t\t\t\t\t<\/div>\n\t\t\t\t<\/div>\n\t\t\t\t\t<\/div>\n\t\t<\/div>\n\t\t\t\t<div class=\"elementor-column elementor-col-25 elementor-top-column elementor-element elementor-element-75ab9fb\" data-id=\"75ab9fb\" data-element_type=\"column\" data-e-type=\"column\">\n\t\t\t<div class=\"elementor-widget-wrap elementor-element-populated\">\n\t\t\t\t\t\t<div class=\"elementor-element elementor-element-fd384bc elementor-widget elementor-widget-image\" data-id=\"fd384bc\" data-element_type=\"widget\" data-e-type=\"widget\" data-widget_type=\"image.default\">\n\t\t\t\t<div class=\"elementor-widget-container\">\n\t\t\t\t\t\t\t\t\t\t\t\t\t\t\t<img loading=\"lazy\" decoding=\"async\" width=\"640\" height=\"640\" src=\"https:\/\/impormaderasltda.com\/wp-content\/uploads\/2021\/11\/Carlos-Mejia-1.1-1024x1024.png\" class=\"elementor-animation-grow attachment-large size-large wp-image-2634\" alt=\"\" srcset=\"https:\/\/impormaderasltda.com\/wp-content\/uploads\/2021\/11\/Carlos-Mejia-1.1-1024x1024.png 1024w, https:\/\/impormaderasltda.com\/wp-content\/uploads\/2021\/11\/Carlos-Mejia-1.1-300x300.png 300w, https:\/\/impormaderasltda.com\/wp-content\/uploads\/2021\/11\/Carlos-Mejia-1.1-150x150.png 150w, https:\/\/impormaderasltda.com\/wp-content\/uploads\/2021\/11\/Carlos-Mejia-1.1-768x768.png 768w, https:\/\/impormaderasltda.com\/wp-content\/uploads\/2021\/11\/Carlos-Mejia-1.1-1536x1536.png 1536w, https:\/\/impormaderasltda.com\/wp-content\/uploads\/2021\/11\/Carlos-Mejia-1.1.png 2000w\" sizes=\"(max-width: 640px) 100vw, 640px\" \/>\t\t\t\t\t\t\t\t\t\t\t\t\t\t\t<\/div>\n\t\t\t\t<\/div>\n\t\t\t\t\t<\/div>\n\t\t<\/div>\n\t\t\t\t<div class=\"elementor-column elementor-col-25 elementor-top-column elementor-element elementor-element-cd4e81b\" data-id=\"cd4e81b\" data-element_type=\"column\" data-e-type=\"column\">\n\t\t\t<div class=\"elementor-widget-wrap elementor-element-populated\">\n\t\t\t\t\t\t<div class=\"elementor-element elementor-element-9104972 elementor-widget elementor-widget-image\" data-id=\"9104972\" data-element_type=\"widget\" data-e-type=\"widget\" data-widget_type=\"image.default\">\n\t\t\t\t<div class=\"elementor-widget-container\">\n\t\t\t\t\t\t\t\t\t\t\t\t\t\t\t<img loading=\"lazy\" decoding=\"async\" width=\"640\" height=\"640\" src=\"https:\/\/impormaderasltda.com\/wp-content\/uploads\/2021\/11\/Mueble-pasillo-1024x1024.png\" class=\"elementor-animation-grow attachment-large size-large wp-image-3318\" alt=\"\" srcset=\"https:\/\/impormaderasltda.com\/wp-content\/uploads\/2021\/11\/Mueble-pasillo-1024x1024.png 1024w, https:\/\/impormaderasltda.com\/wp-content\/uploads\/2021\/11\/Mueble-pasillo-300x300.png 300w, https:\/\/impormaderasltda.com\/wp-content\/uploads\/2021\/11\/Mueble-pasillo-150x150.png 150w, https:\/\/impormaderasltda.com\/wp-content\/uploads\/2021\/11\/Mueble-pasillo-768x768.png 768w, https:\/\/impormaderasltda.com\/wp-content\/uploads\/2021\/11\/Mueble-pasillo.png 1200w\" sizes=\"(max-width: 640px) 100vw, 640px\" \/>\t\t\t\t\t\t\t\t\t\t\t\t\t\t\t<\/div>\n\t\t\t\t<\/div>\n\t\t\t\t\t<\/div>\n\t\t<\/div>\n\t\t\t\t\t<\/div>\n\t\t<\/section>\n\t\t\t\t<section class=\"elementor-section elementor-top-section elementor-element elementor-element-29803f5 elementor-section-boxed elementor-section-height-default elementor-section-height-default\" data-id=\"29803f5\" data-element_type=\"section\" data-e-type=\"section\">\n\t\t\t\t\t\t<div class=\"elementor-container elementor-column-gap-default\">\n\t\t\t\t\t<div class=\"elementor-column elementor-col-25 elementor-top-column elementor-element elementor-element-6d81c9a\" data-id=\"6d81c9a\" data-element_type=\"column\" data-e-type=\"column\">\n\t\t\t<div class=\"elementor-widget-wrap elementor-element-populated\">\n\t\t\t\t\t\t<div class=\"elementor-element elementor-element-c634fc5 elementor-widget elementor-widget-image\" data-id=\"c634fc5\" data-element_type=\"widget\" data-e-type=\"widget\" data-widget_type=\"image.default\">\n\t\t\t\t<div class=\"elementor-widget-container\">\n\t\t\t\t\t\t\t\t\t\t\t\t\t\t\t<img loading=\"lazy\" decoding=\"async\" width=\"640\" height=\"640\" src=\"https:\/\/impormaderasltda.com\/wp-content\/uploads\/2025\/09\/Pasillo-sin-personas-1024x1024.png\" class=\"attachment-large size-large wp-image-3397\" alt=\"\" srcset=\"https:\/\/impormaderasltda.com\/wp-content\/uploads\/2025\/09\/Pasillo-sin-personas-1024x1024.png 1024w, https:\/\/impormaderasltda.com\/wp-content\/uploads\/2025\/09\/Pasillo-sin-personas-300x300.png 300w, https:\/\/impormaderasltda.com\/wp-content\/uploads\/2025\/09\/Pasillo-sin-personas-150x150.png 150w, https:\/\/impormaderasltda.com\/wp-content\/uploads\/2025\/09\/Pasillo-sin-personas-768x768.png 768w, https:\/\/impormaderasltda.com\/wp-content\/uploads\/2025\/09\/Pasillo-sin-personas-1536x1536.png 1536w, https:\/\/impormaderasltda.com\/wp-content\/uploads\/2025\/09\/Pasillo-sin-personas.png 2000w\" sizes=\"(max-width: 640px) 100vw, 640px\" \/>\t\t\t\t\t\t\t\t\t\t\t\t\t\t\t<\/div>\n\t\t\t\t<\/div>\n\t\t\t\t\t<\/div>\n\t\t<\/div>\n\t\t\t\t<div class=\"elementor-column elementor-col-25 elementor-top-column elementor-element elementor-element-1069e7c\" data-id=\"1069e7c\" data-element_type=\"column\" data-e-type=\"column\">\n\t\t\t<div class=\"elementor-widget-wrap elementor-element-populated\">\n\t\t\t\t\t\t<div class=\"elementor-element elementor-element-312c113 elementor-widget elementor-widget-image\" data-id=\"312c113\" data-element_type=\"widget\" data-e-type=\"widget\" data-widget_type=\"image.default\">\n\t\t\t\t<div class=\"elementor-widget-container\">\n\t\t\t\t\t\t\t\t\t\t\t\t\t\t\t<img loading=\"lazy\" decoding=\"async\" width=\"640\" height=\"640\" src=\"https:\/\/impormaderasltda.com\/wp-content\/uploads\/2023\/01\/1.png\" class=\"attachment-large size-large wp-image-2227\" alt=\"\" srcset=\"https:\/\/impormaderasltda.com\/wp-content\/uploads\/2023\/01\/1.png 800w, https:\/\/impormaderasltda.com\/wp-content\/uploads\/2023\/01\/1-300x300.png 300w, https:\/\/impormaderasltda.com\/wp-content\/uploads\/2023\/01\/1-150x150.png 150w, https:\/\/impormaderasltda.com\/wp-content\/uploads\/2023\/01\/1-768x768.png 768w\" sizes=\"(max-width: 640px) 100vw, 640px\" \/>\t\t\t\t\t\t\t\t\t\t\t\t\t\t\t<\/div>\n\t\t\t\t<\/div>\n\t\t\t\t\t<\/div>\n\t\t<\/div>\n\t\t\t\t<div class=\"elementor-column elementor-col-25 elementor-top-column elementor-element elementor-element-e7607d9\" data-id=\"e7607d9\" data-element_type=\"column\" data-e-type=\"column\">\n\t\t\t<div class=\"elementor-widget-wrap elementor-element-populated\">\n\t\t\t\t\t\t<div class=\"elementor-element elementor-element-6d21143 elementor-widget elementor-widget-image\" data-id=\"6d21143\" data-element_type=\"widget\" data-e-type=\"widget\" data-widget_type=\"image.default\">\n\t\t\t\t<div class=\"elementor-widget-container\">\n\t\t\t\t\t\t\t\t\t\t\t\t\t\t\t<img loading=\"lazy\" decoding=\"async\" width=\"640\" height=\"640\" src=\"https:\/\/impormaderasltda.com\/wp-content\/uploads\/2023\/01\/3.3.3.png\" class=\"attachment-large size-large wp-image-2237\" alt=\"\" srcset=\"https:\/\/impormaderasltda.com\/wp-content\/uploads\/2023\/01\/3.3.3.png 1000w, https:\/\/impormaderasltda.com\/wp-content\/uploads\/2023\/01\/3.3.3-300x300.png 300w, https:\/\/impormaderasltda.com\/wp-content\/uploads\/2023\/01\/3.3.3-150x150.png 150w, https:\/\/impormaderasltda.com\/wp-content\/uploads\/2023\/01\/3.3.3-768x768.png 768w\" sizes=\"(max-width: 640px) 100vw, 640px\" \/>\t\t\t\t\t\t\t\t\t\t\t\t\t\t\t<\/div>\n\t\t\t\t<\/div>\n\t\t\t\t\t<\/div>\n\t\t<\/div>\n\t\t\t\t<div class=\"elementor-column elementor-col-25 elementor-top-column elementor-element elementor-element-fbae1c1\" data-id=\"fbae1c1\" data-element_type=\"column\" data-e-type=\"column\">\n\t\t\t<div class=\"elementor-widget-wrap elementor-element-populated\">\n\t\t\t\t\t\t<div class=\"elementor-element elementor-element-21f4c2c elementor-widget elementor-widget-image\" data-id=\"21f4c2c\" data-element_type=\"widget\" data-e-type=\"widget\" data-widget_type=\"image.default\">\n\t\t\t\t<div class=\"elementor-widget-container\">\n\t\t\t\t\t\t\t\t\t\t\t\t\t\t\t<img loading=\"lazy\" decoding=\"async\" width=\"640\" height=\"640\" src=\"https:\/\/impormaderasltda.com\/wp-content\/uploads\/2023\/01\/3.3-1.png\" class=\"attachment-large size-large wp-image-2231\" alt=\"\" srcset=\"https:\/\/impormaderasltda.com\/wp-content\/uploads\/2023\/01\/3.3-1.png 800w, https:\/\/impormaderasltda.com\/wp-content\/uploads\/2023\/01\/3.3-1-300x300.png 300w, https:\/\/impormaderasltda.com\/wp-content\/uploads\/2023\/01\/3.3-1-150x150.png 150w, https:\/\/impormaderasltda.com\/wp-content\/uploads\/2023\/01\/3.3-1-768x768.png 768w\" sizes=\"(max-width: 640px) 100vw, 640px\" \/>\t\t\t\t\t\t\t\t\t\t\t\t\t\t\t<\/div>\n\t\t\t\t<\/div>\n\t\t\t\t\t<\/div>\n\t\t<\/div>\n\t\t\t\t\t<\/div>\n\t\t<\/section>\n\t\t\t\t<\/div>\n\t\t","protected":false},"excerpt":{"rendered":"<p>IMPORMADERAS Ltda &#8211; Insp\u00edrate. Hoy utilizamos el laminado ULTRAMAR de la marca Duratex \u00a1Que bien se ve! Atr\u00e9vete a so\u00f1ar, crear y combinar. IMPORMADERAS Ltda &#8211; Insp\u00edrate. Hoy utilizamos el laminado VERDE OLIVO de la marca Duratex \u00a1Que bien se ve! Atr\u00e9vete a so\u00f1ar, crear y combinar.<\/p>\n","protected":false},"author":1,"featured_media":0,"parent":0,"menu_order":0,"comment_status":"closed","ping_status":"closed","template":"elementor_header_footer","meta":{"om_disable_all_campaigns":false,"_monsterinsights_skip_tracking":false,"_monsterinsights_sitenote_active":false,"_monsterinsights_sitenote_note":"","_monsterinsights_sitenote_category":0,"footnotes":""},"class_list":["post-43","page","type-page","status-publish","hentry"],"_links":{"self":[{"href":"https:\/\/impormaderasltda.com\/index.php\/wp-json\/wp\/v2\/pages\/43","targetHints":{"allow":["GET"]}}],"collection":[{"href":"https:\/\/impormaderasltda.com\/index.php\/wp-json\/wp\/v2\/pages"}],"about":[{"href":"https:\/\/impormaderasltda.com\/index.php\/wp-json\/wp\/v2\/types\/page"}],"author":[{"embeddable":true,"href":"https:\/\/impormaderasltda.com\/index.php\/wp-json\/wp\/v2\/users\/1"}],"replies":[{"embeddable":true,"href":"https:\/\/impormaderasltda.com\/index.php\/wp-json\/wp\/v2\/comments?post=43"}],"version-history":[{"count":38,"href":"https:\/\/impormaderasltda.com\/index.php\/wp-json\/wp\/v2\/pages\/43\/revisions"}],"predecessor-version":[{"id":3411,"href":"https:\/\/impormaderasltda.com\/index.php\/wp-json\/wp\/v2\/pages\/43\/revisions\/3411"}],"wp:attachment":[{"href":"https:\/\/impormaderasltda.com\/index.php\/wp-json\/wp\/v2\/media?parent=43"}],"curies":[{"name":"wp","href":"https:\/\/api.w.org\/{rel}","templated":true}]}}