{"id":373,"date":"2022-01-28T14:01:41","date_gmt":"2022-01-28T14:01:41","guid":{"rendered":"https:\/\/impormaderasltda.com\/?page_id=373"},"modified":"2022-04-06T14:42:43","modified_gmt":"2022-04-06T14:42:43","slug":"politica-de-privacidad-y-los-terminos-y-condiciones","status":"publish","type":"page","link":"https:\/\/impormaderasltda.com\/index.php\/politica-de-privacidad-y-los-terminos-y-condiciones\/","title":{"rendered":"POL\u00cdTICA DE PRIVACIDAD"},"content":{"rendered":"\t\t<div data-elementor-type=\"wp-page\" data-elementor-id=\"373\" class=\"elementor elementor-373\">\n\t\t\t\t\t\t<section class=\"elementor-section elementor-top-section elementor-element elementor-element-250d66d4 elementor-section-boxed elementor-section-height-default elementor-section-height-default\" data-id=\"250d66d4\" data-element_type=\"section\" data-e-type=\"section\">\n\t\t\t\t\t\t<div class=\"elementor-container elementor-column-gap-default\">\n\t\t\t\t\t<div class=\"elementor-column elementor-col-100 elementor-top-column elementor-element elementor-element-4545efa\" data-id=\"4545efa\" data-element_type=\"column\" data-e-type=\"column\">\n\t\t\t<div class=\"elementor-widget-wrap elementor-element-populated\">\n\t\t\t\t\t\t<div class=\"elementor-element elementor-element-69ed808d elementor-widget elementor-widget-text-editor\" data-id=\"69ed808d\" data-element_type=\"widget\" data-e-type=\"widget\" data-widget_type=\"text-editor.default\">\n\t\t\t\t<div class=\"elementor-widget-container\">\n\t\t\t\t\t\t\t\t\t<p><\/p>\n<p>De conformidad con la Ley 1581 de 2012, Decreto 1377 de 2013 y Decreto 886 de 2014 (hoy incorporados en el Decreto \u00fanico 1074 de 2015), entre otros, declaro que entrego de forma libre y voluntaria los anteriores datos personales. Autorizo de manera libre, expresa, inequ\u00edvoca e informada, a<b> IMPORMADERAS LTDA<\/b>., o a quien represente sus derechos, para que realice la recolecci\u00f3n, almacenamiento, uso, circulaci\u00f3n, supresi\u00f3n, y en general, el tratamiento de mis datos personales con los siguientes fines: Facturaci\u00f3n, recaudo, reporte de informaci\u00f3n requerida ante entes de control, establecer acuerdos comerciales, verificaci\u00f3n de referencias legalidad y riesgo ante los organismos respectivos, medir niveles de satisfacci\u00f3n, informar sobre campa\u00f1as de servicio promocionales, realizar encuestas, recordatorio para procedimientos y mantenimientos, ejecutar campa\u00f1as de fidelizaci\u00f3n, realizar remisiones y pedidos, actualizaci\u00f3n de datos, ofrecimiento de productos y servicios, comunicar informaci\u00f3n relacionada con productos para la financiaci\u00f3n en la adquisici\u00f3n de productos y comunicar noticias de <b>IMPORMADERAS LTDA<\/b>., evaluar la calidad y satisfacci\u00f3n de clientes y proveedores para dar tr\u00e1mite a quejas, peticiones, recomendaciones y generar acciones de mejora. Declaro que se me ha informado de manera clara y comprensible que tengo derecho a conocer, actualizar y rectificar los datos personales proporcionados, a solicitar prueba de esta autorizaci\u00f3n, a solicitar informaci\u00f3n sobre el uso que se le ha dado a mis datos personales, a presentar quejas ante la Superintendencia de Industria y Comercio por el uso indebido de mis datos personales, a revocar esta autorizaci\u00f3n o solicitar la supresi\u00f3n de los datos personales suministrados y a acceder de forma gratuita a los mismos. Declaro que la informaci\u00f3n por m\u00ed proporcionada es veraz, completa, exacta, actualizada y verificable. Mediante la firma del presente documento, manifiesto que reconozco y acepto que cualquier consulta o reclamaci\u00f3n relacionada con el tratamiento de mis datos personales podr\u00e1 ser elevada verbalmente o por escrito ante <b>IMPORMADERAS LTDA<\/b>., como responsable del tratamiento, cuyo tel\u00e9fono de atenci\u00f3n es 8802811, y su direcci\u00f3n es CRA 8 # 17-55 BARRIO SAN NICOLAS en la ciudad de Cali, o al correo electr\u00f3nico <a href=\"mailto:pqrs@impormaderasltda.com\">pqrs@impormaderasltda.com<\/a><\/p>\n<p><\/p>\n<p>El usuario conoce que la presente pol\u00edtica se encuentra en la p\u00e1gina web <a href=\"http:\/\/www.impormaderasltda.com\/\">www.impormaderasltda.com, <\/a>no obstante, para los titulares que no tengan acceso a medios electr\u00f3nicos o aquellos a los que no sea posible contactar, se comunicar\u00e1 a trav\u00e9s de medio f\u00edsico en la sede principal de la empresa.<\/p>\n<p><\/p>\n<p>Si dentro de los (30) d\u00edas siguientes al conocimiento de la presente comunicaci\u00f3n, no hemos recibido solicitud de supresi\u00f3n de los datos personales, con base en lo establecido en el art\u00edculo 10 del decreto 1377 de 2013, <b>IMPORMADERAS LTDA<\/b>, podr\u00e1 continuar realizando el tratamiento de sus datos para las finalidades indicadas en la pol\u00edtica de tratamiento de la informaci\u00f3n personal. Esta pol\u00edtica tiene como objeto dar la informaci\u00f3n necesaria y suficiente a los diferentes grupos de inter\u00e9s, as\u00ed como establecer los lineamientos que garanticen la protecci\u00f3n de los datos personales que son objeto de tratamiento a trav\u00e9s de los procedimientos de <b>IMPORMADERAS LTDA<\/b>, para de esta forma, dar cumplimiento de la ley, pol\u00edticas y procedimientos de atenci\u00f3n de derechos de los titulares, criterios de recolecci\u00f3n, almacenamiento, uso, circulaci\u00f3n y supresi\u00f3n que se dar\u00e1 a los datos personales. Esta pol\u00edtica es una versi\u00f3n resumida, puesta en conocimiento de la ciudadan\u00eda en general y usuarios, en cumplimiento de lo se\u00f1alado en la Ley 1581 de 2012, decretos reglamentarios y dem\u00e1s normas conexas y vigentes.<\/p>\n<p><\/p>\t\t\t\t\t\t\t\t<\/div>\n\t\t\t\t<\/div>\n\t\t\t\t\t<\/div>\n\t\t<\/div>\n\t\t\t\t\t<\/div>\n\t\t<\/section>\n\t\t\t\t<section class=\"elementor-section elementor-top-section elementor-element elementor-element-e55a5c4 elementor-section-boxed elementor-section-height-default elementor-section-height-default\" data-id=\"e55a5c4\" data-element_type=\"section\" data-e-type=\"section\">\n\t\t\t\t\t\t<div class=\"elementor-container elementor-column-gap-default\">\n\t\t\t\t\t<div class=\"elementor-column elementor-col-100 elementor-top-column elementor-element elementor-element-0310917\" data-id=\"0310917\" data-element_type=\"column\" data-e-type=\"column\">\n\t\t\t<div class=\"elementor-widget-wrap elementor-element-populated\">\n\t\t\t\t\t\t<div class=\"elementor-element elementor-element-d82a20a elementor-widget elementor-widget-image\" data-id=\"d82a20a\" data-element_type=\"widget\" data-e-type=\"widget\" data-widget_type=\"image.default\">\n\t\t\t\t<div class=\"elementor-widget-container\">\n\t\t\t\t\t\t\t\t\t\t\t\t\t\t\t<img fetchpriority=\"high\" decoding=\"async\" width=\"580\" height=\"192\" src=\"https:\/\/impormaderasltda.com\/wp-content\/uploads\/2021\/10\/cropped-lOGO-WEB2.png\" class=\"attachment-large size-large wp-image-276\" alt=\"\" srcset=\"https:\/\/impormaderasltda.com\/wp-content\/uploads\/2021\/10\/cropped-lOGO-WEB2.png 580w, https:\/\/impormaderasltda.com\/wp-content\/uploads\/2021\/10\/cropped-lOGO-WEB2-300x99.png 300w\" sizes=\"(max-width: 580px) 100vw, 580px\" \/>\t\t\t\t\t\t\t\t\t\t\t\t\t\t\t<\/div>\n\t\t\t\t<\/div>\n\t\t\t\t\t<\/div>\n\t\t<\/div>\n\t\t\t\t\t<\/div>\n\t\t<\/section>\n\t\t\t\t<\/div>\n\t\t","protected":false},"excerpt":{"rendered":"<p>De conformidad con la Ley 1581 de 2012, Decreto 1377 de 2013 y Decreto 886 de 2014 (hoy incorporados en el Decreto \u00fanico 1074 de 2015), entre otros, declaro que entrego de forma libre y voluntaria los anteriores datos personales. Autorizo de manera libre, expresa, inequ\u00edvoca e informada, a IMPORMADERAS LTDA., o a quien represente [&hellip;]<\/p>\n","protected":false},"author":1,"featured_media":0,"parent":0,"menu_order":0,"comment_status":"closed","ping_status":"closed","template":"","meta":{"om_disable_all_campaigns":false,"_monsterinsights_skip_tracking":false,"_monsterinsights_sitenote_active":false,"_monsterinsights_sitenote_note":"","_monsterinsights_sitenote_category":0,"footnotes":""},"class_list":["post-373","page","type-page","status-publish","hentry"],"_links":{"self":[{"href":"https:\/\/impormaderasltda.com\/index.php\/wp-json\/wp\/v2\/pages\/373","targetHints":{"allow":["GET"]}}],"collection":[{"href":"https:\/\/impormaderasltda.com\/index.php\/wp-json\/wp\/v2\/pages"}],"about":[{"href":"https:\/\/impormaderasltda.com\/index.php\/wp-json\/wp\/v2\/types\/page"}],"author":[{"embeddable":true,"href":"https:\/\/impormaderasltda.com\/index.php\/wp-json\/wp\/v2\/users\/1"}],"replies":[{"embeddable":true,"href":"https:\/\/impormaderasltda.com\/index.php\/wp-json\/wp\/v2\/comments?post=373"}],"version-history":[{"count":9,"href":"https:\/\/impormaderasltda.com\/index.php\/wp-json\/wp\/v2\/pages\/373\/revisions"}],"predecessor-version":[{"id":692,"href":"https:\/\/impormaderasltda.com\/index.php\/wp-json\/wp\/v2\/pages\/373\/revisions\/692"}],"wp:attachment":[{"href":"https:\/\/impormaderasltda.com\/index.php\/wp-json\/wp\/v2\/media?parent=373"}],"curies":[{"name":"wp","href":"https:\/\/api.w.org\/{rel}","templated":true}]}}