{"id":3705,"date":"2025-11-11T21:52:53","date_gmt":"2025-11-11T21:52:53","guid":{"rendered":"https:\/\/impormaderasltda.com\/?page_id=3705"},"modified":"2025-11-11T21:53:24","modified_gmt":"2025-11-11T21:53:24","slug":"nosotros","status":"publish","type":"page","link":"https:\/\/impormaderasltda.com\/index.php\/nosotros\/","title":{"rendered":"NOSOTROS"},"content":{"rendered":"\n<p><br>Somos una empresa cale\u00f1a con m\u00e1s de 20 a\u00f1os de trayectoria en el sector maderero y mobiliario, especializada en el dise\u00f1o, arquitectura y distribuci\u00f3n de materiales de alta calidad para la fabricaci\u00f3n y transformaci\u00f3n de espacios. Nuestro compromiso con el desarrollo regional y la innovaci\u00f3n nos ha permitido consolidarnos como un aliado estrat\u00e9gico para profesionales, empresas y proyectos de interiorismo en todo el suroccidente colombiano.<\/p>\n\n\n\n<p>Contamos con un portafolio integral que incluye laminados RH y est\u00e1ndar, MDF, Triplex y una amplia variedad de tableros decorativos, as\u00ed como herrajes, accesorios, soluciones en ferreter\u00eda y elementos para dise\u00f1o de interiores. Cada producto es seleccionado bajo criterios de durabilidad, est\u00e9tica y funcionalidad, garantizando resultados \u00f3ptimos en cada proyecto.<\/p>\n\n\n\n<p>Nuestra experiencia, servicio cercano y conocimiento del mercado nos permiten ofrecer asesor\u00eda especializada, acompa\u00f1amiento t\u00e9cnico y soluciones personalizadas para arquitectos, dise\u00f1adores, constructores, carpinter\u00edas y clientes finales que buscan elevar la calidad de sus espacios.<\/p>\n\n\n\n<p>En Impormaderas trabajamos con pasi\u00f3n, responsabilidad y visi\u00f3n a futuro, promoviendo el buen dise\u00f1o, el trabajo en equipo y el crecimiento de nuestra regi\u00f3n. Aqu\u00ed, cada proyecto importa y cada detalle cuenta.<br><strong>Somos m\u00e1s que materiales: somos aliados en la construcci\u00f3n de ideas.<\/strong><\/p>\n\n\n\n<p><strong>MISI\u00d3N:&nbsp;<\/strong><\/p>\n\n\n\n<p>Ser el mejor aliado de nuestros clientes, brindando una gran experiencia en altos est\u00e1ndares de calidad y servicio, ofreciendo variedad de productos para la construcci\u00f3n, remodelaci\u00f3n, dise\u00f1o y decoraci\u00f3n de espacios.<\/p>\n\n\n\n<p><strong>VISI\u00d3N:<\/strong><\/p>\n\n\n\n<p>Para el a\u00f1o 2027 ser una empresa l\u00edder en Colombia, con presencia en diferentes ciudades del pa\u00eds; reconocida por brindar apoyo t\u00e9cnico y capacitaci\u00f3n para el transformador de la madera y recursos de inspiraci\u00f3n para arquitectos y dise\u00f1adores.<\/p>\n\n\n\n<p>Generar empleo de calidad e impacto social a trav\u00e9s de nuestra fundaci\u00f3n \u201cLa casita de Emmanuel\u201d.<\/p>\n\n\n\n<p><strong>VALORES <\/strong><br>* Honestidad<br>* Servicio <br>* Integridad <br>* Responsabilidad <br>* Calidad<br>* Trabajo en equipo <br>* Orientaci\u00f3n al cliente<br>* Respeto <br>* Sentido de pertenencia<br>* Empat\u00eda.<\/p>\n\n\n\n<p><\/p>\n","protected":false},"excerpt":{"rendered":"<p>Somos una empresa cale\u00f1a con m\u00e1s de 20 a\u00f1os de trayectoria en el sector maderero y mobiliario, especializada en el dise\u00f1o, arquitectura y distribuci\u00f3n de materiales de alta calidad para la fabricaci\u00f3n y transformaci\u00f3n de espacios. Nuestro compromiso con el desarrollo regional y la innovaci\u00f3n nos ha permitido consolidarnos como un aliado estrat\u00e9gico para profesionales, [&hellip;]<\/p>\n","protected":false},"author":1,"featured_media":0,"parent":0,"menu_order":0,"comment_status":"closed","ping_status":"closed","template":"","meta":{"om_disable_all_campaigns":false,"_monsterinsights_skip_tracking":false,"_monsterinsights_sitenote_active":false,"_monsterinsights_sitenote_note":"","_monsterinsights_sitenote_category":0,"footnotes":""},"class_list":["post-3705","page","type-page","status-publish","hentry"],"_links":{"self":[{"href":"https:\/\/impormaderasltda.com\/index.php\/wp-json\/wp\/v2\/pages\/3705","targetHints":{"allow":["GET"]}}],"collection":[{"href":"https:\/\/impormaderasltda.com\/index.php\/wp-json\/wp\/v2\/pages"}],"about":[{"href":"https:\/\/impormaderasltda.com\/index.php\/wp-json\/wp\/v2\/types\/page"}],"author":[{"embeddable":true,"href":"https:\/\/impormaderasltda.com\/index.php\/wp-json\/wp\/v2\/users\/1"}],"replies":[{"embeddable":true,"href":"https:\/\/impormaderasltda.com\/index.php\/wp-json\/wp\/v2\/comments?post=3705"}],"version-history":[{"count":2,"href":"https:\/\/impormaderasltda.com\/index.php\/wp-json\/wp\/v2\/pages\/3705\/revisions"}],"predecessor-version":[{"id":3707,"href":"https:\/\/impormaderasltda.com\/index.php\/wp-json\/wp\/v2\/pages\/3705\/revisions\/3707"}],"wp:attachment":[{"href":"https:\/\/impormaderasltda.com\/index.php\/wp-json\/wp\/v2\/media?parent=3705"}],"curies":[{"name":"wp","href":"https:\/\/api.w.org\/{rel}","templated":true}]}}