{"id":3423,"date":"2025-09-29T15:03:07","date_gmt":"2025-09-29T15:03:07","guid":{"rendered":"https:\/\/impormaderasltda.com\/?page_id=3423"},"modified":"2025-09-29T15:47:38","modified_gmt":"2025-09-29T15:47:38","slug":"putsch-meniconi-420","status":"publish","type":"page","link":"https:\/\/impormaderasltda.com\/index.php\/putsch-meniconi-420\/","title":{"rendered":"PUTSCH MENICONI 420"},"content":{"rendered":"\n<h1 class=\"wp-block-heading\"><strong>Sierra vertical SVP 420 | Tu Seccionadora Putsch<sup>\u00ae<\/sup>\u00a0Meniconi muy fiable con Doble Motorizaci\u00f3n y Desplazamiento Cabezal a lo largo de gu\u00edas lineales<\/strong><\/h1>\n\n\n\n<figure class=\"wp-block-image\"><img decoding=\"async\" src=\"https:\/\/www.putschmeniconi.com\/wp-content\/uploads\/2018\/10\/420_manuale_2018.jpg\" alt=\"Seccionadora vertical manual svp 420\" title=\"Seccionadora vertical manual svp 420\"\/><\/figure>\n\n\n\n<h2 class=\"wp-block-heading has-text-align-center\">Tama\u00f1os&nbsp;Seccionadora<\/h2>\n\n\n<div class=\"wp-block-image\">\n<figure class=\"aligncenter\"><img decoding=\"async\" src=\"https:\/\/www.putschmeniconi.com\/wp-content\/uploads\/2022\/01\/sezionatrice-verticale-svp-420-manual.jpg\" alt=\"\" title=\"sezionatrice-verticale-svp-420-manual\"\/><\/figure>\n<\/div>\n\n\n<h2 class=\"wp-block-heading has-text-align-center\">Capacidades de corte<\/h2>\n\n\n<div class=\"wp-block-image\">\n<figure class=\"aligncenter\"><img decoding=\"async\" src=\"https:\/\/www.putschmeniconi.com\/wp-content\/uploads\/2017\/01\/taglio145automatic.jpg\" alt=\"\" title=\"taglio145automatic\"\/><\/figure>\n<\/div>\n\n\n<h1 class=\"wp-block-heading\"><strong>Sierra Vertical SVP 420<\/strong><\/h1>\n\n\n\n<p>La cortadora vertical SVP 420 MANUAL adem\u00e1s de tener un grupo incisor con dos hojas acopladas y con motor independiente HP 0,25 con inserci\u00f3n mec\u00e1nica lleva en dotaci\u00f3n el deslizamiento de la cabeza a lo largo de dos guias lineares, permitiendo al usuario una extrema velocidad de utilizaci\u00f3n y una puesta a punto m\u00e1s precisa. Estas caracter\u00edsticas hacen de la seccionadora vertical manual SVP 420 una seccionadora \u00fanica entre las dimensionadoras verticales.<\/p>\n\n\n\n<h2 class=\"wp-block-heading\">Corte materiales<\/h2>\n\n\n\n<ul class=\"wp-block-list\">\n<li>madera<\/li>\n\n\n\n<li>materiales especiales<\/li>\n\n\n\n<li>materias pl\u00e1sticas<\/li>\n<\/ul>\n\n\n\n<p><a href=\"https:\/\/www.putschmeniconi.com\/es\/seccionadoras-verticales-seccionadoras-horizontales\/corte-paneles-madera-materiales-plasticos-aluminio-forex-seccionadora-vertical-horizontal\/#especiales\"><\/a><\/p>\n\n\n<div class=\"wp-block-image\">\n<figure class=\"aligncenter\"><img decoding=\"async\" src=\"https:\/\/www.putschmeniconi.com\/wp-content\/uploads\/2017\/09\/nido-ape.jpg\" alt=\"\"\/><\/figure>\n<\/div>\n\n\n<h5 class=\"wp-block-heading has-text-align-center\"><a href=\"https:\/\/impormaderasltda.com\/index.php\/materiales\/\" title=\"\">corte paneles alveolares<\/a><\/h5>\n\n\n\n<p><a href=\"https:\/\/www.putschmeniconi.com\/es\/seccionadoras-verticales-seccionadoras-horizontales\/corte-paneles-madera-materiales-plasticos-aluminio-forex-seccionadora-vertical-horizontal\/#especiales\"><\/a><\/p>\n\n\n<div class=\"wp-block-image\">\n<figure class=\"aligncenter\"><img decoding=\"async\" src=\"https:\/\/www.putschmeniconi.com\/wp-content\/uploads\/2017\/09\/trespa.jpg\" alt=\"\"\/><\/figure>\n<\/div>\n\n\n<h5 class=\"wp-block-heading has-text-align-center\"><a href=\"https:\/\/impormaderasltda.com\/index.php\/materiales\/\" title=\"\">corte trespa<\/a><\/h5>\n\n\n\n<p><a href=\"https:\/\/www.putschmeniconi.com\/es\/seccionadoras-verticales-seccionadoras-horizontales\/corte-paneles-madera-materiales-plasticos-aluminio-forex-seccionadora-vertical-horizontal\/#especiales\"><\/a><\/p>\n\n\n<div class=\"wp-block-image\">\n<figure class=\"aligncenter\"><img decoding=\"async\" src=\"https:\/\/www.putschmeniconi.com\/wp-content\/uploads\/2017\/09\/vetroresina.jpg\" alt=\"\"\/><\/figure>\n<\/div>\n\n\n<h5 class=\"wp-block-heading has-text-align-center\"><a href=\"https:\/\/impormaderasltda.com\/index.php\/materiales\/\" title=\"\">corte fibra de vidrio<\/a><\/h5>\n\n\n\n<p><a href=\"https:\/\/www.putschmeniconi.com\/es\/seccionadoras-verticales-seccionadoras-horizontales\/corte-paneles-madera-materiales-plasticos-aluminio-forex-seccionadora-vertical-horizontal\/#especiales\"><\/a><\/p>\n\n\n<div class=\"wp-block-image\">\n<figure class=\"aligncenter\"><img decoding=\"async\" src=\"https:\/\/www.putschmeniconi.com\/wp-content\/uploads\/2017\/09\/poliuretano.jpg\" alt=\"\"\/><\/figure>\n<\/div>\n\n\n<h5 class=\"wp-block-heading has-text-align-center\"><a href=\"https:\/\/impormaderasltda.com\/index.php\/materiales\/\" title=\"\">corte poliuretano<\/a><\/h5>\n\n\n\n<p><a href=\"https:\/\/www.putschmeniconi.com\/es\/seccionadoras-verticales-seccionadoras-horizontales\/corte-paneles-madera-materiales-plasticos-aluminio-forex-seccionadora-vertical-horizontal\/#especiales\"><\/a><\/p>\n\n\n<div class=\"wp-block-image\">\n<figure class=\"aligncenter\"><img decoding=\"async\" src=\"https:\/\/www.putschmeniconi.com\/wp-content\/uploads\/2017\/09\/corian.jpg\" alt=\"\"\/><\/figure>\n<\/div>\n\n\n<h5 class=\"wp-block-heading has-text-align-center\"><a href=\"https:\/\/impormaderasltda.com\/index.php\/materiales\/\" title=\"\">corte paneles corian<\/a><\/h5>\n\n\n\n<p><a href=\"https:\/\/www.putschmeniconi.com\/es\/seccionadoras-verticales-seccionadoras-horizontales\/corte-paneles-madera-materiales-plasticos-aluminio-forex-seccionadora-vertical-horizontal\/#especiales\"><\/a><\/p>\n\n\n<div class=\"wp-block-image\">\n<figure class=\"aligncenter\"><img decoding=\"async\" src=\"https:\/\/www.putschmeniconi.com\/wp-content\/uploads\/2017\/09\/cartongesso.jpg\" alt=\"\"\/><\/figure>\n<\/div>\n\n\n<h5 class=\"wp-block-heading has-text-align-center\"><a href=\"https:\/\/impormaderasltda.com\/index.php\/materiales\/\" title=\"\">corte paneles yeso laminado<\/a><\/h5>\n\n\n\n<p><a href=\"https:\/\/www.putschmeniconi.com\/es\/seccionadoras-verticales-seccionadoras-horizontales\/corte-paneles-madera-materiales-plasticos-aluminio-forex-seccionadora-vertical-horizontal\/#especiales\"><\/a><\/p>\n\n\n<div class=\"wp-block-image\">\n<figure class=\"aligncenter\"><img decoding=\"async\" src=\"https:\/\/www.putschmeniconi.com\/wp-content\/uploads\/2017\/09\/coibentati.jpg\" alt=\"\"\/><\/figure>\n<\/div>\n\n\n<h5 class=\"wp-block-heading has-text-align-center\"><a href=\"https:\/\/impormaderasltda.com\/index.php\/materiales\/\" title=\"\">corte paneles aislados<\/a><\/h5>\n\n\n\n<p><a href=\"https:\/\/www.putschmeniconi.com\/es\/seccionadoras-verticales-seccionadoras-horizontales\/corte-paneles-madera-materiales-plasticos-aluminio-forex-seccionadora-vertical-horizontal\/#forex\"><\/a><\/p>\n\n\n<div class=\"wp-block-image\">\n<figure class=\"aligncenter\"><img decoding=\"async\" src=\"https:\/\/www.putschmeniconi.com\/wp-content\/uploads\/2017\/09\/forex.jpg\" alt=\"\"\/><\/figure>\n<\/div>\n\n\n<h5 class=\"wp-block-heading has-text-align-center\"><a href=\"https:\/\/impormaderasltda.com\/index.php\/materiales\/\" title=\"\">corte forex<\/a><\/h5>\n\n\n\n<p><a href=\"https:\/\/www.putschmeniconi.com\/es\/seccionadoras-verticales-seccionadoras-horizontales\/corte-paneles-madera-materiales-plasticos-aluminio-forex-seccionadora-vertical-horizontal\/#polipropileno\"><\/a><\/p>\n\n\n<div class=\"wp-block-image\">\n<figure class=\"aligncenter\"><img decoding=\"async\" src=\"https:\/\/www.putschmeniconi.com\/wp-content\/uploads\/2017\/09\/polipropilene.jpg\" alt=\"\"\/><\/figure>\n<\/div>\n\n\n<h5 class=\"wp-block-heading has-text-align-center\"><a href=\"https:\/\/impormaderasltda.com\/index.php\/materiales\/\" title=\"\">corte polipropileno<\/a><\/h5>\n\n\n\n<p><a href=\"https:\/\/www.putschmeniconi.com\/es\/seccionadoras-verticales-seccionadoras-horizontales\/corte-paneles-madera-materiales-plasticos-aluminio-forex-seccionadora-vertical-horizontal\/#policarbonato\"><\/a><\/p>\n\n\n<div class=\"wp-block-image\">\n<figure class=\"aligncenter\"><img decoding=\"async\" src=\"https:\/\/www.putschmeniconi.com\/wp-content\/uploads\/2017\/09\/policarbonato.jpg\" alt=\"\"\/><\/figure>\n<\/div>\n\n\n<h5 class=\"wp-block-heading has-text-align-center\"><a href=\"https:\/\/impormaderasltda.com\/index.php\/materiales\/\" title=\"\">corte policarbonato<\/a><\/h5>\n\n\n\n<p><a href=\"https:\/\/www.putschmeniconi.com\/es\/seccionadoras-verticales-seccionadoras-horizontales\/corte-paneles-madera-materiales-plasticos-aluminio-forex-seccionadora-vertical-horizontal\/#Materias-plasticas\"><\/a><\/p>\n\n\n<div class=\"wp-block-image\">\n<figure class=\"aligncenter\"><img decoding=\"async\" src=\"https:\/\/www.putschmeniconi.com\/wp-content\/uploads\/2017\/09\/plexiglass.jpg\" alt=\"\"\/><\/figure>\n<\/div>\n\n\n<h5 class=\"wp-block-heading has-text-align-center\"><a href=\"https:\/\/impormaderasltda.com\/index.php\/materiales\/\" title=\"\">corte plexiglass<\/a><\/h5>\n\n\n\n<p><a href=\"https:\/\/www.putschmeniconi.com\/es\/seccionadoras-verticales-seccionadoras-horizontales\/corte-paneles-madera-materiales-plasticos-aluminio-forex-seccionadora-vertical-horizontal\/#Materias-plasticas\"><\/a><\/p>\n\n\n<div class=\"wp-block-image\">\n<figure class=\"aligncenter\"><img decoding=\"async\" src=\"https:\/\/www.putschmeniconi.com\/wp-content\/uploads\/2017\/09\/metacrilato.jpg\" alt=\"\"\/><\/figure>\n<\/div>\n\n\n<h5 class=\"wp-block-heading has-text-align-center\"><a href=\"https:\/\/impormaderasltda.com\/index.php\/materiales\/\" title=\"\">corte metacrilato<\/a><\/h5>\n\n\n\n<p><a href=\"https:\/\/www.putschmeniconi.com\/es\/seccionadoras-verticales-seccionadoras-horizontales\/corte-paneles-madera-materiales-plasticos-aluminio-forex-seccionadora-vertical-horizontal\/#Materias-plasticas\"><\/a><\/p>\n\n\n<div class=\"wp-block-image\">\n<figure class=\"aligncenter\"><img decoding=\"async\" src=\"https:\/\/www.putschmeniconi.com\/wp-content\/uploads\/2017\/09\/materiali-plastici.jpg\" alt=\"\"\/><\/figure>\n<\/div>\n\n\n<h5 class=\"wp-block-heading has-text-align-center\"><a href=\"https:\/\/impormaderasltda.com\/index.php\/materiales\/\" title=\"\">corte materias pl\u00e1sticas<\/a><\/h5>\n\n\n\n<p><a href=\"https:\/\/www.putschmeniconi.com\/es\/seccionadoras-verticales-seccionadoras-horizontales\/corte-paneles-madera-materiales-plasticos-aluminio-forex-seccionadora-vertical-horizontal\/Makrolon-bayer\"><\/a><\/p>\n\n\n<div class=\"wp-block-image\">\n<figure class=\"aligncenter\"><img decoding=\"async\" src=\"https:\/\/www.putschmeniconi.com\/wp-content\/uploads\/2017\/09\/makrolon-bayer.jpg\" alt=\"\"\/><\/figure>\n<\/div>\n\n\n<h5 class=\"wp-block-heading has-text-align-center\"><a href=\"https:\/\/impormaderasltda.com\/index.php\/materiales\/\" title=\"\">corte makrolon<\/a><\/h5>\n\n\n\n<p><a href=\"https:\/\/www.putschmeniconi.com\/es\/seccionadoras-verticales-seccionadoras-horizontales\/corte-paneles-madera-materiales-plasticos-aluminio-forex-seccionadora-vertical-horizontal\/#lexan\"><\/a><\/p>\n\n\n<div class=\"wp-block-image\">\n<figure class=\"aligncenter\"><img decoding=\"async\" src=\"https:\/\/www.putschmeniconi.com\/wp-content\/uploads\/2017\/09\/lexan.jpg\" alt=\"\"\/><\/figure>\n<\/div>\n\n\n<h5 class=\"wp-block-heading has-text-align-center\"><a href=\"https:\/\/impormaderasltda.com\/index.php\/materiales\/\" title=\"\">corte lexan<\/a><\/h5>\n\n\n\n<p><a href=\"https:\/\/www.putschmeniconi.com\/es\/seccionadoras-verticales-seccionadoras-horizontales\/corte-paneles-madera-materiales-plasticos-aluminio-forex-seccionadora-vertical-horizontal\/#laminados-plasticos\"><\/a><\/p>\n\n\n<div class=\"wp-block-image\">\n<figure class=\"aligncenter\"><img decoding=\"async\" src=\"https:\/\/www.putschmeniconi.com\/wp-content\/uploads\/2017\/09\/laminati-plastici.jpg\" alt=\"\"\/><\/figure>\n<\/div>\n\n\n<h5 class=\"wp-block-heading has-text-align-center\"><a href=\"https:\/\/impormaderasltda.com\/index.php\/materiales\/\" title=\"\">corte laminados pl\u00e1sticos<\/a><\/h5>\n\n\n\n<p><a href=\"https:\/\/www.putschmeniconi.com\/es\/seccionadoras-verticales-seccionadoras-horizontales\/corte-paneles-madera-materiales-plasticos-aluminio-forex-seccionadora-vertical-horizontal\/#pvc\"><\/a><\/p>\n\n\n<div class=\"wp-block-image\">\n<figure class=\"aligncenter\"><img decoding=\"async\" src=\"https:\/\/www.putschmeniconi.com\/wp-content\/uploads\/2017\/09\/pvc.jpg\" alt=\"\"\/><\/figure>\n<\/div>\n\n\n<h5 class=\"wp-block-heading has-text-align-center\"><a href=\"https:\/\/impormaderasltda.com\/index.php\/materiales\/\" title=\"\">corte pvc<\/a><\/h5>\n\n\n\n<p><a href=\"https:\/\/www.putschmeniconi.com\/es\/seccionadoras-verticales-seccionadoras-horizontales\/corte-paneles-madera-materiales-plasticos-aluminio-forex-seccionadora-vertical-horizontal\/#acrilico\"><\/a><\/p>\n\n\n<div class=\"wp-block-image\">\n<figure class=\"aligncenter\"><img decoding=\"async\" src=\"https:\/\/www.putschmeniconi.com\/wp-content\/uploads\/2017\/09\/acrilico.jpg\" alt=\"\"\/><\/figure>\n<\/div>\n\n\n<h5 class=\"wp-block-heading has-text-align-center\"><a href=\"https:\/\/impormaderasltda.com\/index.php\/materiales\/\" title=\"\">corte acr\u00edlico<\/a><\/h5>\n\n\n\n<p><a href=\"https:\/\/www.putschmeniconi.com\/es\/seccionadoras-verticales-seccionadoras-horizontales\/corte-paneles-madera-materiales-plasticos-aluminio-forex-seccionadora-vertical-horizontal\/#conglomerados\"><\/a><\/p>\n\n\n<div class=\"wp-block-image\">\n<figure class=\"aligncenter\"><img decoding=\"async\" src=\"https:\/\/www.putschmeniconi.com\/wp-content\/uploads\/2017\/09\/truciolari.jpg\" alt=\"\"\/><\/figure>\n<\/div>\n\n\n<h5 class=\"wp-block-heading has-text-align-center\"><a href=\"https:\/\/impormaderasltda.com\/index.php\/materiales\/\" title=\"\">corte paneles conglomerado<\/a><\/h5>\n\n\n\n<p><a href=\"https:\/\/www.putschmeniconi.com\/es\/seccionadoras-verticales-seccionadoras-horizontales\/corte-paneles-madera-materiales-plasticos-aluminio-forex-seccionadora-vertical-horizontal\/#melamina\"><\/a><\/p>\n\n\n<div class=\"wp-block-image\">\n<figure class=\"aligncenter\"><img decoding=\"async\" src=\"https:\/\/www.putschmeniconi.com\/wp-content\/uploads\/2017\/09\/nobilitato.jpg\" alt=\"\"\/><\/figure>\n<\/div>\n\n\n<h5 class=\"wp-block-heading has-text-align-center\"><a href=\"https:\/\/impormaderasltda.com\/index.php\/materiales\/\" title=\"\">corte paneles melamina<\/a><\/h5>\n\n\n\n<p><a href=\"https:\/\/www.putschmeniconi.com\/es\/seccionadoras-verticales-seccionadoras-horizontales\/corte-paneles-madera-materiales-plasticos-aluminio-forex-seccionadora-vertical-horizontal\/#madera-maciza\"><\/a><\/p>\n\n\n<div class=\"wp-block-image\">\n<figure class=\"aligncenter\"><img decoding=\"async\" src=\"https:\/\/www.putschmeniconi.com\/wp-content\/uploads\/2017\/09\/legno-massello.jpg\" alt=\"\"\/><\/figure>\n<\/div>\n\n\n<h5 class=\"wp-block-heading has-text-align-center\"><a href=\"https:\/\/impormaderasltda.com\/index.php\/materiales\/\" title=\"\">corte madera maciza<\/a><\/h5>\n\n\n\n<p><a href=\"https:\/\/www.putschmeniconi.com\/es\/seccionadoras-verticales-seccionadoras-horizontales\/corte-paneles-madera-materiales-plasticos-aluminio-forex-seccionadora-vertical-horizontal\/#laminados\"><\/a><\/p>\n\n\n<div class=\"wp-block-image\">\n<figure class=\"aligncenter\"><img decoding=\"async\" src=\"https:\/\/www.putschmeniconi.com\/wp-content\/uploads\/2017\/09\/laminati.jpg\" alt=\"\"\/><\/figure>\n<\/div>\n\n\n<h5 class=\"wp-block-heading has-text-align-center\"><a href=\"https:\/\/impormaderasltda.com\/index.php\/materiales\/\" title=\"\">corte laminado<\/a><\/h5>\n\n\n\n<p><a href=\"https:\/\/www.putschmeniconi.com\/es\/seccionadoras-verticales-seccionadoras-horizontales\/corte-paneles-madera-materiales-plasticos-aluminio-forex-seccionadora-vertical-horizontal\/#contrachapado\"><\/a><\/p>\n\n\n<div class=\"wp-block-image\">\n<figure class=\"aligncenter\"><img decoding=\"async\" src=\"https:\/\/www.putschmeniconi.com\/wp-content\/uploads\/2017\/09\/compensati-1.jpg\" alt=\"\"\/><\/figure>\n<\/div>\n\n\n<h5 class=\"wp-block-heading has-text-align-center\"><a href=\"https:\/\/impormaderasltda.com\/index.php\/materiales\/\" title=\"\">Corte contrachapado<\/a><\/h5>\n\n\n\n<hr class=\"wp-block-separator has-alpha-channel-opacity\"\/>\n\n\n\n<h2 class=\"wp-block-heading\"><strong>Pide un presupuesto sin compromiso por medio del bot\u00f3n de WhatsApp de la parte inferior derecha de esta p\u00e1gina para tu Sierra Vertical SVP 420<\/strong>, uno de nuestros asesores t\u00e9cnicos Putsch<sup>\u00ae<\/sup>&nbsp;Meniconi que te ofrecer\u00e1n tu mejor soluci\u00f3n personalizada.<\/h2>\n\n\n\n<p><\/p>\n","protected":false},"excerpt":{"rendered":"<p>Sierra vertical SVP 420 | Tu Seccionadora Putsch\u00ae\u00a0Meniconi muy fiable con Doble Motorizaci\u00f3n y Desplazamiento Cabezal a lo largo de gu\u00edas lineales Tama\u00f1os&nbsp;Seccionadora Capacidades de corte Sierra Vertical SVP 420 La cortadora vertical SVP 420 MANUAL adem\u00e1s de tener un grupo incisor con dos hojas acopladas y con motor independiente HP 0,25 con inserci\u00f3n mec\u00e1nica [&hellip;]<\/p>\n","protected":false},"author":1,"featured_media":0,"parent":0,"menu_order":0,"comment_status":"closed","ping_status":"closed","template":"template-full-width.php","meta":{"om_disable_all_campaigns":false,"_monsterinsights_skip_tracking":false,"_monsterinsights_sitenote_active":false,"_monsterinsights_sitenote_note":"","_monsterinsights_sitenote_category":0,"footnotes":""},"class_list":["post-3423","page","type-page","status-publish","hentry"],"_links":{"self":[{"href":"https:\/\/impormaderasltda.com\/index.php\/wp-json\/wp\/v2\/pages\/3423","targetHints":{"allow":["GET"]}}],"collection":[{"href":"https:\/\/impormaderasltda.com\/index.php\/wp-json\/wp\/v2\/pages"}],"about":[{"href":"https:\/\/impormaderasltda.com\/index.php\/wp-json\/wp\/v2\/types\/page"}],"author":[{"embeddable":true,"href":"https:\/\/impormaderasltda.com\/index.php\/wp-json\/wp\/v2\/users\/1"}],"replies":[{"embeddable":true,"href":"https:\/\/impormaderasltda.com\/index.php\/wp-json\/wp\/v2\/comments?post=3423"}],"version-history":[{"count":7,"href":"https:\/\/impormaderasltda.com\/index.php\/wp-json\/wp\/v2\/pages\/3423\/revisions"}],"predecessor-version":[{"id":3454,"href":"https:\/\/impormaderasltda.com\/index.php\/wp-json\/wp\/v2\/pages\/3423\/revisions\/3454"}],"wp:attachment":[{"href":"https:\/\/impormaderasltda.com\/index.php\/wp-json\/wp\/v2\/media?parent=3423"}],"curies":[{"name":"wp","href":"https:\/\/api.w.org\/{rel}","templated":true}]}}