{"id":334,"date":"2021-11-11T13:28:34","date_gmt":"2021-11-11T13:28:34","guid":{"rendered":"https:\/\/impormaderasltda.com\/?page_id=334"},"modified":"2021-11-11T16:00:59","modified_gmt":"2021-11-11T16:00:59","slug":"trabaja-con-nosotros","status":"publish","type":"page","link":"https:\/\/impormaderasltda.com\/index.php\/trabaja-con-nosotros\/","title":{"rendered":"TRABAJA CON NOSOTROS"},"content":{"rendered":"\n<div class=\"wp-block-image\"><figure class=\"aligncenter size-large is-resized\"><img fetchpriority=\"high\" decoding=\"async\" src=\"https:\/\/impormaderasltda.com\/wp-content\/uploads\/2021\/11\/WEB-TRABAJA-CON-NOSOTROS-1-1024x719.png\" alt=\"\" class=\"wp-image-340\" width=\"521\" height=\"365\" srcset=\"https:\/\/impormaderasltda.com\/wp-content\/uploads\/2021\/11\/WEB-TRABAJA-CON-NOSOTROS-1-1024x719.png 1024w, https:\/\/impormaderasltda.com\/wp-content\/uploads\/2021\/11\/WEB-TRABAJA-CON-NOSOTROS-1-300x211.png 300w, https:\/\/impormaderasltda.com\/wp-content\/uploads\/2021\/11\/WEB-TRABAJA-CON-NOSOTROS-1-768x539.png 768w, https:\/\/impormaderasltda.com\/wp-content\/uploads\/2021\/11\/WEB-TRABAJA-CON-NOSOTROS-1-1536x1078.png 1536w, https:\/\/impormaderasltda.com\/wp-content\/uploads\/2021\/11\/WEB-TRABAJA-CON-NOSOTROS-1-2048x1437.png 2048w\" sizes=\"(max-width: 521px) 100vw, 521px\" \/><\/figure><\/div>\n\n\n\n<p>Para nosotros es muy grato que quieras hacer parte de la familia IMPORMADERAS Ltda!<br>Te invitamos a diligenciar el siguiente formato, as\u00ed podr\u00e1s participar en los procesos de selecci\u00f3n que se ajusten a tu perfil.<\/p>\n\n\n\n<div class=\"forminator-guttenberg\"><div class=\"forminator-ui forminator-custom-form forminator-custom-form-336 forminator-design--default  forminator_ajax\" data-forminator-render=\"0\" data-form=\"forminator-module-336\" data-uid=\"69eabd4cbe307\"><br\/><\/div><form\n\t\t\t\tid=\"forminator-module-336\"\n\t\t\t\tclass=\"forminator-ui forminator-custom-form forminator-custom-form-336 forminator-design--default  forminator_ajax\"\n\t\t\t\tmethod=\"post\"\n\t\t\t\tdata-forminator-render=\"0\"\n\t\t\t\tdata-form-id=\"336\"\n\t\t\t\tenctype=\"multipart\/form-data\" data-color-option=\"default\" data-design=\"default\" data-grid=\"open\" style=\"display: none;\"\n\t\t\t\tdata-uid=\"69eabd4cbe307\"\n\t\t\t><div role=\"alert\" aria-live=\"polite\" class=\"forminator-response-message forminator-error\" aria-hidden=\"true\"><\/div><div class=\"forminator-row\"><div id=\"name-1\" class=\"forminator-field-name forminator-col forminator-col-6 \"><div class=\"forminator-field\"><label for=\"forminator-field-name-1_69eabd4cbe307\" id=\"forminator-field-name-1_69eabd4cbe307-label\" class=\"forminator-label\">Nombre completo <span class=\"forminator-required\">*<\/span><\/label><input type=\"text\" name=\"name-1\" value=\"\" placeholder=\"Ejemplo: Juan P\u00e9rez\" id=\"forminator-field-name-1_69eabd4cbe307\" class=\"forminator-input forminator-name--field\" aria-required=\"true\" autocomplete=\"name\" \/><\/div><\/div><div id=\"name-2\" class=\"forminator-field-name forminator-col forminator-col-6 \"><div class=\"forminator-field\"><label for=\"forminator-field-name-2_69eabd4cbe307\" id=\"forminator-field-name-2_69eabd4cbe307-label\" class=\"forminator-label\">No. de C\u00e9dula <span class=\"forminator-required\">*<\/span><\/label><input type=\"text\" name=\"name-2\" value=\"\" placeholder=\"Ejemplo: 94.444.555\" id=\"forminator-field-name-2_69eabd4cbe307\" class=\"forminator-input forminator-name--field\" aria-required=\"true\" autocomplete=\"name\" \/><\/div><\/div><\/div><div class=\"forminator-row\"><div id=\"address-1\" class=\"forminator-field-address forminator-col forminator-col-6 \"><div class=\"forminator-row\"><div id=\"address-1-street_address\" class=\"forminator-col\"><div class=\"forminator-field\"><label for=\"forminator-field-address-1-street_address_69eabd4cbe307\" id=\"forminator-field-address-1-street_address_69eabd4cbe307-label\" class=\"forminator-label\">Direcci\u00f3n <span class=\"forminator-required\">*<\/span><\/label><input type=\"text\" name=\"address-1-street_address\" placeholder=\"Ejemplo: Av. 2 c # 25 - 30\" id=\"forminator-field-address-1-street_address_69eabd4cbe307\" class=\"forminator-input\" data-required=\"1\" aria-required=\"true\" autocomplete=\"address-line1\" value=\"\" \/><\/div><\/div><\/div><div class=\"forminator-row\"><div id=\"address-1-address_line\" class=\"forminator-col\"><div class=\"forminator-field\"><label for=\"forminator-field-address-1-address_line_69eabd4cbe307\" id=\"forminator-field-address-1-address_line_69eabd4cbe307-label\" class=\"forminator-label\">Apartamento, torre, etc. <span class=\"forminator-required\">*<\/span><\/label><input type=\"text\" name=\"address-1-address_line\" placeholder=\"\" id=\"forminator-field-address-1-address_line_69eabd4cbe307\" class=\"forminator-input\" data-required=\"1\" aria-required=\"true\" autocomplete=\"address-line2\" value=\"\" \/><\/div><\/div><\/div><div class=\"forminator-row\" data-multiple=\"false\"><div id=\"address-1-city\" class=\"forminator-col forminator-col-12\"><div class=\"forminator-field\"><label for=\"forminator-field-address-1-city_69eabd4cbe307\" id=\"forminator-field-address-1-city_69eabd4cbe307-label\" class=\"forminator-label\">Ciudad <span class=\"forminator-required\">*<\/span><\/label><input type=\"text\" name=\"address-1-city\" placeholder=\"Ejemplo: Cali\" id=\"forminator-field-address-1-city_69eabd4cbe307\" class=\"forminator-input\" data-required=\"1\" aria-required=\"true\" autocomplete=\"address-level2\" value=\"\" \/><\/div><\/div><\/div><\/div><div id=\"phone-1\" class=\"forminator-field-phone forminator-col forminator-col-6 \"><div class=\"forminator-field\"><label for=\"forminator-field-phone-1_69eabd4cbe307\" id=\"forminator-field-phone-1_69eabd4cbe307-label\" class=\"forminator-label\">Numero de contacto <span class=\"forminator-required\">*<\/span><\/label><input type=\"text\" name=\"phone-1\" value=\"\" placeholder=\"Ejemplo: 312 111 1111\" id=\"forminator-field-phone-1_69eabd4cbe307\" class=\"forminator-input forminator-field--phone\" data-required=\"1\" aria-required=\"true\" autocomplete=\"off\" \/><\/div><\/div><\/div><div class=\"forminator-row\"><div id=\"email-1\" class=\"forminator-field-email forminator-col forminator-col-12 \"><div class=\"forminator-field\"><label for=\"forminator-field-email-1_69eabd4cbe307\" id=\"forminator-field-email-1_69eabd4cbe307-label\" class=\"forminator-label\">Correo electr\u00f3nico <span class=\"forminator-required\">*<\/span><\/label><input type=\"email\" name=\"email-1\" value=\"\" placeholder=\"Ej . : john@impormaderasltda.com\" id=\"forminator-field-email-1_69eabd4cbe307\" class=\"forminator-input forminator-email--field\" data-required=\"1\" aria-required=\"true\" autocomplete=\"email\" \/><\/div><\/div><\/div><div class=\"forminator-row\"><div id=\"select-1\" class=\"forminator-field-select forminator-col forminator-col-6 \"><div class=\"forminator-field\"><label for=\"forminator-form-336__field--select-1_69eabd4cbe307\" id=\"forminator-form-336__field--select-1_69eabd4cbe307-label\" class=\"forminator-label\">Selecciona el \u00c1rea de inter\u00e9s<\/label><select  id=\"forminator-form-336__field--select-1_69eabd4cbe307\" class=\"forminator-select--field forminator-select2 forminator-select2-multiple\" data-required=\"\" name=\"select-1\" data-default-value=\"\" data-placeholder=\"\u00c1rea de inter\u00e9s?\" data-search=\"false\" data-search-placeholder=\"\u00c1rea de inter\u00e9s?\" data-checkbox=\"false\" data-allow-clear=\"false\" aria-labelledby=\"forminator-form-336__field--select-1_69eabd4cbe307-label\"><option value=\"\"  >\u00c1rea de inter\u00e9s?<\/option><option value=\"Log\u00edstica\"  data-calculation=\"0\">Log\u00edstica<\/option><option value=\"Producci\u00f3n\"  data-calculation=\"0\">Producci\u00f3n<\/option><option value=\"Ventas\"  data-calculation=\"0\">Ventas<\/option><option value=\"Administraci\u00f3n\"  data-calculation=\"0\">Administraci\u00f3n<\/option><\/select><\/div><\/div><div id=\"textarea-1\" class=\"forminator-field-textarea forminator-col forminator-col-6 \"><div class=\"forminator-field\"><label for=\"forminator-field-textarea-1_69eabd4cbe307\" id=\"forminator-field-textarea-1_69eabd4cbe307-label\" class=\"forminator-label\">Cu\u00e9ntanos por qu\u00e9 te gustar\u00eda trabajar con nosotros <span class=\"forminator-required\">*<\/span><\/label><textarea name=\"textarea-1\" placeholder=\"Ejemplo: \u00a1Porque es una empresa genial!.\" id=\"forminator-field-textarea-1_69eabd4cbe307\" class=\"forminator-textarea\" rows=\"6\" style=\"--forminator-textarea-min-height:140px;\" ><\/textarea><\/div><\/div><\/div><div class=\"forminator-row\"><div id=\"upload-1\" class=\"forminator-field-upload forminator-col forminator-col-12 \"><div class=\"forminator-field\"><label for=\"forminator-field-upload-1_69eabd4cbe307\" id=\"forminator-field-upload-1_69eabd4cbe307-label\" class=\"forminator-label\">Adjunta tu hoja de vida (PDF) <span class=\"forminator-required\">*<\/span><\/label><div class=\"forminator-file-upload \" data-element=\"upload-1_69eabd4cbe307\"><input type=\"file\" name=\"upload-1\" id=\"forminator-field-upload-1_69eabd4cbe307\" class=\"forminator-input-file-required do-validate\" accept=\".jpg,.jpeg,.jpe,.gif,.png,.bmp,.tiff,.tif,.webp,.ico,.heic,.asf,.asx,.wmv,.wmx,.wm,.avi,.divx,.flv,.mov,.qt,.mpeg,.mpg,.mpe,.mp4,.m4v,.ogv,.webm,.mkv,.3gp,.3gpp,.3g2,.3gp2,.txt,.asc,.c,.cc,.h,.srt,.csv,.tsv,.ics,.rtx,.vtt,.mp3,.m4a,.m4b,.aac,.ra,.ram,.wav,.ogg,.oga,.flac,.mid,.midi,.wma,.wax,.mka,.rtf,.pdf,.class,.tar,.zip,.gz,.gzip,.7z,.psd,.xcf,.doc,.pot,.pps,.ppt,.wri,.xla,.xls,.xlt,.xlw,.mdb,.mpp,.docx,.docm,.dotx,.dotm,.xlsx,.xlsm,.xlsb,.xltx,.xltm,.xlam,.pptx,.pptm,.ppsx,.ppsm,.potx,.potm,.ppam,.sldx,.sldm,.onetoc,.onetoc2,.onetmp,.onepkg,.oxps,.xps,.odt,.odp,.ods,.odg,.odc,.odb,.odf,.wp,.wpd,.key,.numbers,.pages\" tabindex=\"-1\"><button id=\"forminator-field-upload-1_69eabd4cbe307_button\" class=\"forminator-button forminator-button-upload\" data-id=\"forminator-field-upload-1_69eabd4cbe307\">Elegir archivo<\/button><span data-empty-text=\"Ning\u00fan archivo seleccionado\">Ning\u00fan archivo seleccionado<\/span><button class=\"forminator-button-delete\" style=\"display: none;\"><i class=\"forminator-icon-close\" aria-hidden=\"true\"><\/i><span class=\"forminator-screen-reader-only\">Eliminar el archivo subido<\/span><\/button><\/div><\/div><\/div><\/div><div class=\"forminator-row\"><div id=\"consent-1\" class=\"forminator-field-consent forminator-col forminator-col-12 \"><div class=\"forminator-field\"><label for=\"forminator-field-consent-1_69eabd4cbe307\" id=\"forminator-field-consent-1_69eabd4cbe307-label\" class=\"forminator-label\">He le\u00eddo y acepto los t\u00e9rminos y condiciones de uso <span class=\"forminator-required\">*<\/span><\/label><div class=\"forminator-checkbox__wrapper\"><label id=\"forminator-field-consent-1_69eabd4cbe307__label\" class=\"forminator-checkbox forminator-consent\"><input type=\"checkbox\" name=\"consent-1\" id=\"forminator-field-consent-1_69eabd4cbe307\" value=\"checked\" aria-labelledby=\"forminator-field-consent-1_69eabd4cbe307-label\" aria-describedby=\"forminator-field-consent-1_69eabd4cbe307__description\" data-required=\"true\" aria-required=\"true\" \/><span class=\"forminator-checkbox-box\" aria-hidden=\"true\"><\/span><\/label><div id=\"forminator-field-consent-1_69eabd4cbe307__description\" class=\"forminator-checkbox__label forminator-consent__label\"><p>S\u00ed, acepto la <a href=\"https:\/\/impormaderasltda.com\/index.php\/politica-de-privacidad\/\" target=\"_blank\" rel=\"noopener\">pol\u00edtica de privacidad<\/a> y los <a href=\"https:\/\/impormaderasltda.com\/index.php\/terminos-y-condiciones\/\" target=\"_blank\" rel=\"noopener\">t\u00e9rminos y condiciones<\/a>.\u00a0<br \/>Autorizo el tratamiento de mis datos personales, teniendo en cuenta la pol\u00edtica de tratamiento de datos de IMPORMADERAS Ltda<br \/><br \/><\/p><\/div><\/div><\/div><\/div><\/div><div class=\"forminator-row\" style=\"margin: 0;\"><div id=\"captcha-1\" class=\"forminator-field-captcha  forminator-col-12 \"><div class=\"forminator-captcha-left forminator-g-recaptcha recaptcha-invisible\" data-theme=\"light\" data-badge=\"bottomleft\" data-sitekey=\"6LeF8cceAAAAANElKkJnQpuxaKz0Z4blb_c_W-Rr\" data-size=\"invisible\"><\/div> <\/div><\/div><input type=\"hidden\" name=\"referer_url\" value=\"\" \/><div class=\"forminator-row forminator-row-last\"><div class=\"forminator-col\"><div class=\"forminator-field\"><button class=\"forminator-button forminator-button-submit\">Enviar<\/button><\/div><\/div><\/div><input type=\"hidden\" id=\"forminator_nonce\" name=\"forminator_nonce\" value=\"b32c898204\" \/><input type=\"hidden\" name=\"_wp_http_referer\" value=\"\/index.php\/wp-json\/wp\/v2\/pages\/334\" \/><input type=\"hidden\" name=\"form_id\" value=\"336\"><input type=\"hidden\" name=\"page_id\" value=\"334\"><input type=\"hidden\" name=\"form_type\" value=\"default\"><input type=\"hidden\" name=\"current_url\" value=\"https:\/\/impormaderasltda.com\/index.php\/trabaja-con-nosotros\/\"><input type=\"hidden\" name=\"render_id\" value=\"0\"><input type=\"hidden\" name=\"action\" value=\"forminator_submit_form_custom-forms\"><\/form><\/div>\n","protected":false},"excerpt":{"rendered":"<p>Para nosotros es muy grato que quieras hacer parte de la familia IMPORMADERAS Ltda!Te invitamos a diligenciar el siguiente formato, as\u00ed podr\u00e1s participar en los procesos de selecci\u00f3n que se ajusten a tu perfil.<\/p>\n","protected":false},"author":1,"featured_media":0,"parent":0,"menu_order":0,"comment_status":"closed","ping_status":"closed","template":"template-full-width.php","meta":{"om_disable_all_campaigns":false,"_monsterinsights_skip_tracking":false,"_monsterinsights_sitenote_active":false,"_monsterinsights_sitenote_note":"","_monsterinsights_sitenote_category":0,"footnotes":""},"class_list":["post-334","page","type-page","status-publish","hentry"],"_links":{"self":[{"href":"https:\/\/impormaderasltda.com\/index.php\/wp-json\/wp\/v2\/pages\/334","targetHints":{"allow":["GET"]}}],"collection":[{"href":"https:\/\/impormaderasltda.com\/index.php\/wp-json\/wp\/v2\/pages"}],"about":[{"href":"https:\/\/impormaderasltda.com\/index.php\/wp-json\/wp\/v2\/types\/page"}],"author":[{"embeddable":true,"href":"https:\/\/impormaderasltda.com\/index.php\/wp-json\/wp\/v2\/users\/1"}],"replies":[{"embeddable":true,"href":"https:\/\/impormaderasltda.com\/index.php\/wp-json\/wp\/v2\/comments?post=334"}],"version-history":[{"count":4,"href":"https:\/\/impormaderasltda.com\/index.php\/wp-json\/wp\/v2\/pages\/334\/revisions"}],"predecessor-version":[{"id":343,"href":"https:\/\/impormaderasltda.com\/index.php\/wp-json\/wp\/v2\/pages\/334\/revisions\/343"}],"wp:attachment":[{"href":"https:\/\/impormaderasltda.com\/index.php\/wp-json\/wp\/v2\/media?parent=334"}],"curies":[{"name":"wp","href":"https:\/\/api.w.org\/{rel}","templated":true}]}}