{"id":3323,"date":"2025-09-12T21:41:29","date_gmt":"2025-09-12T21:41:29","guid":{"rendered":"https:\/\/impormaderasltda.com\/?page_id=3323"},"modified":"2025-11-13T18:14:04","modified_gmt":"2025-11-13T18:14:04","slug":"bienvenid","status":"publish","type":"page","link":"https:\/\/impormaderasltda.com\/","title":{"rendered":"BIENVENID@"},"content":{"rendered":"<div class=\"wp-block-image\">\n<figure class=\"aligncenter size-large\"><a href=\"https:\/\/impormaderasltda.com\/index.php\/promos\/\" target=\"_blank\" rel=\"ANUNCIOS DEL MES\"><img fetchpriority=\"high\" decoding=\"async\" width=\"1024\" height=\"576\" src=\"https:\/\/impormaderasltda.com\/wp-content\/uploads\/2025\/11\/Promos-del-mes-1024x576.png\" alt=\"\" class=\"wp-image-3737\" srcset=\"https:\/\/impormaderasltda.com\/wp-content\/uploads\/2025\/11\/Promos-del-mes-1024x576.png 1024w, https:\/\/impormaderasltda.com\/wp-content\/uploads\/2025\/11\/Promos-del-mes-300x169.png 300w, https:\/\/impormaderasltda.com\/wp-content\/uploads\/2025\/11\/Promos-del-mes-768x432.png 768w, https:\/\/impormaderasltda.com\/wp-content\/uploads\/2025\/11\/Promos-del-mes-1536x864.png 1536w, https:\/\/impormaderasltda.com\/wp-content\/uploads\/2025\/11\/Promos-del-mes-1280x720.png 1280w, https:\/\/impormaderasltda.com\/wp-content\/uploads\/2025\/11\/Promos-del-mes.png 1920w\" sizes=\"(max-width: 1024px) 100vw, 1024px\" \/><\/a><\/figure>\n<\/div>\n\n<div class=\"wp-block-image\">\n<figure class=\"aligncenter size-full\"><a href=\"https:\/\/krea.impormaderasltda.com\/\" target=\"_blank\" rel=\"Krea\"><img decoding=\"async\" width=\"1200\" height=\"1200\" src=\"https:\/\/impormaderasltda.com\/wp-content\/uploads\/2025\/11\/Banner-Krea-1x1-1.png\" alt=\"\" class=\"wp-image-3711\" srcset=\"https:\/\/impormaderasltda.com\/wp-content\/uploads\/2025\/11\/Banner-Krea-1x1-1.png 1200w, https:\/\/impormaderasltda.com\/wp-content\/uploads\/2025\/11\/Banner-Krea-1x1-1-300x300.png 300w, https:\/\/impormaderasltda.com\/wp-content\/uploads\/2025\/11\/Banner-Krea-1x1-1-1024x1024.png 1024w, https:\/\/impormaderasltda.com\/wp-content\/uploads\/2025\/11\/Banner-Krea-1x1-1-150x150.png 150w, https:\/\/impormaderasltda.com\/wp-content\/uploads\/2025\/11\/Banner-Krea-1x1-1-768x768.png 768w\" sizes=\"(max-width: 1200px) 100vw, 1200px\" \/><\/a><\/figure>\n<\/div>\n\n\n<hr class=\"wp-block-separator has-alpha-channel-opacity\"\/>\n\n\n\n\n\n\n<hr class=\"wp-block-separator has-alpha-channel-opacity\"\/>\n\n\n\n<div class=\"wp-block-columns is-layout-flex wp-container-core-columns-is-layout-28f84493 wp-block-columns-is-layout-flex\">\n<div class=\"wp-block-column is-layout-flow wp-block-column-is-layout-flow\"><div class=\"wp-block-image\">\n<figure class=\"aligncenter size-large\"><img decoding=\"async\" width=\"1024\" height=\"873\" src=\"https:\/\/impormaderasltda.com\/wp-content\/uploads\/2025\/11\/AVISO-1024x873.png\" alt=\"\" class=\"wp-image-3667\" srcset=\"https:\/\/impormaderasltda.com\/wp-content\/uploads\/2025\/11\/AVISO-1024x873.png 1024w, https:\/\/impormaderasltda.com\/wp-content\/uploads\/2025\/11\/AVISO-300x256.png 300w, https:\/\/impormaderasltda.com\/wp-content\/uploads\/2025\/11\/AVISO-768x655.png 768w, https:\/\/impormaderasltda.com\/wp-content\/uploads\/2025\/11\/AVISO-1536x1310.png 1536w, https:\/\/impormaderasltda.com\/wp-content\/uploads\/2025\/11\/AVISO-2048x1747.png 2048w\" sizes=\"(max-width: 1024px) 100vw, 1024px\" \/><\/figure>\n<\/div>\n\n\n<div class=\"wp-block-buttons alignwide is-horizontal is-content-justification-center is-layout-flex wp-container-core-buttons-is-layout-03627597 wp-block-buttons-is-layout-flex\">\n<div class=\"wp-block-button has-custom-width wp-block-button__width-75 is-style-fill\"><a class=\"wp-block-button__link has-background wp-element-button\" href=\"https:\/\/chat.whatsapp.com\/IDGpRI5xKbj0zIvmOYLJJe\" style=\"background-color:#006633\">\u00danete<\/a><\/div>\n<\/div>\n<\/div>\n<\/div>\n\n\n\n<hr class=\"wp-block-separator has-alpha-channel-opacity\"\/>\n\n\n\n<div class=\"wp-block-columns is-layout-flex wp-container-core-columns-is-layout-28f84493 wp-block-columns-is-layout-flex\">\n<div class=\"wp-block-column is-layout-flow wp-block-column-is-layout-flow\">\n<\/div>\n<\/div>\n\n\n\n<p class=\"has-medium-font-size\">Pensando en tu comodidad y en garantizarte una experiencia de compra eficiente, hemos habilitado diversos canales y plataformas para que adquieras nuestros productos de forma \u00e1gil, pr\u00e1ctica y segura.<\/p>\n\n\n\n<p class=\"has-medium-font-size\">Adem\u00e1s de nuestros puntos de atenci\u00f3n habituales, tambi\u00e9n estamos presentes en aplicaciones y marketplaces reconocidos como <strong>Rappi<\/strong> y <strong>Mercado Libre<\/strong>, donde podr\u00e1s explorar nuestro cat\u00e1logo, evaluar alternativas y realizar tus pedidos desde cualquier lugar y en el momento que lo prefieras.<\/p>\n\n\n\n<p class=\"has-medium-font-size\">Nuestro objetivo es estar siempre a tu alcance, ofreci\u00e9ndote m\u00faltiples opciones para que elijas la que mejor se adapte a tus necesidades y estilo de vida.<\/p>\n\n\n\n<hr class=\"wp-block-separator has-alpha-channel-opacity\"\/>\n\n\n\n<p class=\"has-text-align-center has-large-font-size\"><strong>UN MOMENTO DE ESPARCIMIENTO<\/strong> \ud83d\ude01<\/p>\n\n\n<div class=\"wp-block-image\">\n<figure class=\"aligncenter size-large\"><a href=\"https:\/\/game.impormaderasltda.com\/\" target=\"_blank\" rel=\"CARPINTERO noreferrer noopener\"><img loading=\"lazy\" decoding=\"async\" width=\"1024\" height=\"1024\" src=\"https:\/\/impormaderasltda.com\/wp-content\/uploads\/2025\/11\/bANNER-JUEGO-1024x1024.png\" alt=\"\" class=\"wp-image-3744\" srcset=\"https:\/\/impormaderasltda.com\/wp-content\/uploads\/2025\/11\/bANNER-JUEGO-1024x1024.png 1024w, https:\/\/impormaderasltda.com\/wp-content\/uploads\/2025\/11\/bANNER-JUEGO-300x300.png 300w, https:\/\/impormaderasltda.com\/wp-content\/uploads\/2025\/11\/bANNER-JUEGO-150x150.png 150w, https:\/\/impormaderasltda.com\/wp-content\/uploads\/2025\/11\/bANNER-JUEGO-768x768.png 768w, https:\/\/impormaderasltda.com\/wp-content\/uploads\/2025\/11\/bANNER-JUEGO.png 1200w\" sizes=\"(max-width: 1024px) 100vw, 1024px\" \/><\/a><\/figure>\n<\/div>\n\n\n<hr class=\"wp-block-separator has-alpha-channel-opacity\"\/>\n\n\n\n<p><\/p>\n","protected":false},"excerpt":{"rendered":"<p>Pensando en tu comodidad y en garantizarte una experiencia de compra eficiente, hemos habilitado diversos canales y plataformas para que adquieras nuestros productos de forma \u00e1gil, pr\u00e1ctica y segura. Adem\u00e1s de nuestros puntos de atenci\u00f3n habituales, tambi\u00e9n estamos presentes en aplicaciones y marketplaces reconocidos como Rappi y Mercado Libre, donde podr\u00e1s explorar nuestro cat\u00e1logo, evaluar [&hellip;]<\/p>\n","protected":false},"author":1,"featured_media":0,"parent":0,"menu_order":0,"comment_status":"closed","ping_status":"closed","template":"","meta":{"om_disable_all_campaigns":false,"_monsterinsights_skip_tracking":false,"_monsterinsights_sitenote_active":false,"_monsterinsights_sitenote_note":"","_monsterinsights_sitenote_category":0,"footnotes":""},"class_list":["post-3323","page","type-page","status-publish","hentry"],"_links":{"self":[{"href":"https:\/\/impormaderasltda.com\/index.php\/wp-json\/wp\/v2\/pages\/3323","targetHints":{"allow":["GET"]}}],"collection":[{"href":"https:\/\/impormaderasltda.com\/index.php\/wp-json\/wp\/v2\/pages"}],"about":[{"href":"https:\/\/impormaderasltda.com\/index.php\/wp-json\/wp\/v2\/types\/page"}],"author":[{"embeddable":true,"href":"https:\/\/impormaderasltda.com\/index.php\/wp-json\/wp\/v2\/users\/1"}],"replies":[{"embeddable":true,"href":"https:\/\/impormaderasltda.com\/index.php\/wp-json\/wp\/v2\/comments?post=3323"}],"version-history":[{"count":62,"href":"https:\/\/impormaderasltda.com\/index.php\/wp-json\/wp\/v2\/pages\/3323\/revisions"}],"predecessor-version":[{"id":3985,"href":"https:\/\/impormaderasltda.com\/index.php\/wp-json\/wp\/v2\/pages\/3323\/revisions\/3985"}],"wp:attachment":[{"href":"https:\/\/impormaderasltda.com\/index.php\/wp-json\/wp\/v2\/media?parent=3323"}],"curies":[{"name":"wp","href":"https:\/\/api.w.org\/{rel}","templated":true}]}}