{"id":2650,"date":"2024-06-21T16:41:15","date_gmt":"2024-06-21T16:41:15","guid":{"rendered":"https:\/\/impormaderasltda.com\/?page_id=2650"},"modified":"2024-06-24T14:00:10","modified_gmt":"2024-06-24T14:00:10","slug":"polla-futbolera","status":"publish","type":"page","link":"https:\/\/impormaderasltda.com\/index.php\/polla-futbolera\/","title":{"rendered":"Polla Futbolera"},"content":{"rendered":"<div class=\"wp-block-image\">\n<figure class=\"aligncenter size-large\"><img fetchpriority=\"high\" decoding=\"async\" width=\"1024\" height=\"512\" src=\"https:\/\/impormaderasltda.com\/wp-content\/uploads\/2024\/06\/Polla-Futbolera-5-1024x512.png\" alt=\"\" class=\"wp-image-2673\" srcset=\"https:\/\/impormaderasltda.com\/wp-content\/uploads\/2024\/06\/Polla-Futbolera-5-1024x512.png 1024w, https:\/\/impormaderasltda.com\/wp-content\/uploads\/2024\/06\/Polla-Futbolera-5-300x150.png 300w, https:\/\/impormaderasltda.com\/wp-content\/uploads\/2024\/06\/Polla-Futbolera-5-768x384.png 768w, https:\/\/impormaderasltda.com\/wp-content\/uploads\/2024\/06\/Polla-Futbolera-5-1536x768.png 1536w, https:\/\/impormaderasltda.com\/wp-content\/uploads\/2024\/06\/Polla-Futbolera-5-2048x1024.png 2048w\" sizes=\"(max-width: 1024px) 100vw, 1024px\" \/><\/figure>\n<\/div>\n\n\n<p class=\"has-text-align-center has-large-font-size\"><strong>Ingresa los datos aqu\u00ed <\/strong><\/p>\n\n\n\n<hr class=\"wp-block-separator has-alpha-channel-opacity\"\/>\n\n\n\n<div class=\"forminator-guttenberg\"><\/div>\n\n\n\n<p class=\"has-text-align-center has-small-font-size\">Paso a paso de la actividad<br><br>1. Por compras iguales o superiores a $100.000 pesos tienes derecho a participar en el sorteo de 1 de las 4 camisetas oficiales y originales de la selecci\u00f3n Colombia.<br>2. Escanea los c\u00f3digos QR de los puntos de venta, redes sociales o ingresa directamente desde el link promocional, alusivo a la actividad.<br>3. Digita los campos obligatorios y escribe que equipos crees que disputar\u00e1n la gran final de la copa Am\u00e9rica.<br>4. Toma una foto a tu factura y s\u00fabela dando clic al bot\u00f3n elegir archivo.<br>5. Clic al bot\u00f3n enviar y listo.<br>6. Si tienes facturas de la fecha que arranco la actividad puedes ingresarlas. <br><br><br><br><strong>T\u00c9RMINOS Y CONDICIONES DE ACTIVIDAD<\/strong>\u00a0<strong>(<\/strong>Polla Futbolera)<\/p>\n\n\n\n<p class=\"has-text-align-center has-small-font-size\"><strong>\u201cPOLLA FUTBOLERA IMPORMADERAS\u201d<\/strong><\/p>\n\n\n\n<p class=\"has-text-align-center has-small-font-size\"><strong>SORTEO DE 4 CAMISETAS ORIGINALES  Y OFICIALES DE LA SELECCI\u00d3N COLOMBIA<\/strong> <br>(Nuevos dise\u00f1os, importante, los dise\u00f1os pueden variar en los ganadores, pueden ser camisetas negras, tradicional, amarilla o retro)<br>Sorteo: <strong>4 Camisetas &#8211; 4 ganadores<\/strong><br><\/p>\n\n\n\n<p class=\"has-text-align-center has-small-font-size\">IMPORMADERAS LTDA NIT 805028705-6, en virtud de las facultades otorgadas por la legislaci\u00f3n comercial vigente, as\u00ed como el derecho al libre desarrollo de empresa, autonom\u00eda de la voluntad privada y dem\u00e1s que por su naturaleza sean destinadas a regular efectos mercantiles, dispone la presente pol\u00edtica de T\u00e9rminos y Condiciones para la actividad promocional denominada&nbsp;<strong>\u201cPolla futbolera IMPORMADERAS\u201d<\/strong><\/p>\n\n\n\n<p class=\"has-text-align-center has-small-font-size\">La participaci\u00f3n en la Promoci\u00f3n constituye la aceptaci\u00f3n total e incondicional de los presentes T\u00e9rminos y Condiciones, as\u00ed como las preceptuadas en el sitio web&nbsp;<a href=\"http:\/\/www.impormaderasltda.com\/\">www.impormaderasltda.com<\/a>, enlace LEGAL-T\u00c9RMINOS Y CONDICIONES, Pol\u00edtica General de Compra, Pol\u00edtica de Promociones, Pol\u00edtica de Entrega, Pol\u00edtica de Env\u00edo y transporte, Pol\u00edtica de PQR, Pol\u00edtica de Cambios y Devoluciones de Producto, Pol\u00edtica de Garant\u00eda, Derecho de Retracto, Pol\u00edtica Reversi\u00f3n de Pago, Pol\u00edtica Devoluci\u00f3n del Dinero, los cuales resultan definitivos y vinculantes para los Usuarios\/Consumidores participantes, que se adhieran de manera libre espont\u00e1nea y voluntaria a los requisitos aqu\u00ed previstos.<br><br><strong>CONDICIONES ESENCIALES.<\/strong><\/p>\n\n\n\n<p class=\"has-text-align-center has-small-font-size\"><strong>Objetivo de la promoci\u00f3n:\u00a0<\/strong>Por compras iguales o mayores a $100.000 en cualquiera de nuestras sedes, tienen derecho a participar en las fechas establecidas o el periodo que dura la actividad, obviamente siguiendo las reglas de la actividad, podr\u00e1n ganar la camiseta oficial y original de la selecci\u00f3n Colombia.<\/p>\n\n\n\n<p class=\"has-text-align-center has-small-font-size\"><strong>Vigencia:<\/strong>\u00a0Actividad v\u00e1lida del martes 25 de junio del 2024 hasta el 3 de julio del 2024.<br>El sorteo se realizar\u00e1 el 22 de julio del 2024<\/p>\n","protected":false},"excerpt":{"rendered":"<p>Ingresa los datos aqu\u00ed Paso a paso de la actividad 1. Por compras iguales o superiores a $100.000 pesos tienes derecho a participar en el sorteo de 1 de las 4 camisetas oficiales y originales de la selecci\u00f3n Colombia.2. Escanea los c\u00f3digos QR de los puntos de venta, redes sociales o ingresa directamente desde el [&hellip;]<\/p>\n","protected":false},"author":1,"featured_media":0,"parent":0,"menu_order":0,"comment_status":"closed","ping_status":"closed","template":"template-full-width.php","meta":{"om_disable_all_campaigns":false,"_monsterinsights_skip_tracking":false,"_monsterinsights_sitenote_active":false,"_monsterinsights_sitenote_note":"","_monsterinsights_sitenote_category":0,"footnotes":""},"class_list":["post-2650","page","type-page","status-publish","hentry"],"_links":{"self":[{"href":"https:\/\/impormaderasltda.com\/index.php\/wp-json\/wp\/v2\/pages\/2650","targetHints":{"allow":["GET"]}}],"collection":[{"href":"https:\/\/impormaderasltda.com\/index.php\/wp-json\/wp\/v2\/pages"}],"about":[{"href":"https:\/\/impormaderasltda.com\/index.php\/wp-json\/wp\/v2\/types\/page"}],"author":[{"embeddable":true,"href":"https:\/\/impormaderasltda.com\/index.php\/wp-json\/wp\/v2\/users\/1"}],"replies":[{"embeddable":true,"href":"https:\/\/impormaderasltda.com\/index.php\/wp-json\/wp\/v2\/comments?post=2650"}],"version-history":[{"count":13,"href":"https:\/\/impormaderasltda.com\/index.php\/wp-json\/wp\/v2\/pages\/2650\/revisions"}],"predecessor-version":[{"id":2677,"href":"https:\/\/impormaderasltda.com\/index.php\/wp-json\/wp\/v2\/pages\/2650\/revisions\/2677"}],"wp:attachment":[{"href":"https:\/\/impormaderasltda.com\/index.php\/wp-json\/wp\/v2\/media?parent=2650"}],"curies":[{"name":"wp","href":"https:\/\/api.w.org\/{rel}","templated":true}]}}