{"id":2489,"date":"2023-05-30T16:52:45","date_gmt":"2023-05-30T16:52:45","guid":{"rendered":"https:\/\/impormaderasltda.com\/?page_id=2489"},"modified":"2023-05-30T18:01:17","modified_gmt":"2023-05-30T18:01:17","slug":"formica-compacta-slab","status":"publish","type":"page","link":"https:\/\/impormaderasltda.com\/index.php\/formica-compacta-slab\/","title":{"rendered":"Formica Compacta Slab"},"content":{"rendered":"\n<p>Imagina un mes\u00f3n altamente resistente, elegante, de f\u00e1cil cuidado y mantenimiento, con caracter\u00edsticas estructurales mucho m\u00e1s eficientes que la piedra natural y con el mejor desempe\u00f1o en cocinas.<\/p>\n\n\n\n<p><\/p>\n\n\n\n<h2 class=\"wp-block-heading\">Colecci\u00f3n<\/h2>\n\n\n\n<p>Una variedad de sofisticados dise\u00f1os contempor\u00e1neos y atemporales, en piedras de gran escala con una incre\u00edble apariencia natural y cantos delgados a tono, que van desde tonos claros, a grises y oscuros para lograr una lujosa simplicidad.<\/p>\n\n\n\n<figure class=\"wp-block-gallery has-nested-images columns-default is-cropped wp-block-gallery-1 is-layout-flex wp-block-gallery-is-layout-flex\">\n<figure class=\"wp-block-image size-large\"><img fetchpriority=\"high\" decoding=\"async\" width=\"600\" height=\"600\" data-id=\"2511\" src=\"https:\/\/impormaderasltda.com\/wp-content\/uploads\/2023\/05\/manchado.gif\" alt=\"\" class=\"wp-image-2511\"\/><figcaption class=\"wp-element-caption\"><strong>Resistente al manchado<\/strong><\/figcaption><\/figure>\n\n\n\n<figure class=\"wp-block-image size-large\"><img decoding=\"async\" width=\"600\" height=\"600\" data-id=\"2510\" src=\"https:\/\/impormaderasltda.com\/wp-content\/uploads\/2023\/05\/abrasion.gif\" alt=\"\" class=\"wp-image-2510\"\/><figcaption class=\"wp-element-caption\"><strong>Resistente a la abrasi\u00f3n<\/strong><\/figcaption><\/figure>\n\n\n\n<figure class=\"wp-block-image size-large\"><img decoding=\"async\" width=\"600\" height=\"600\" data-id=\"2509\" src=\"https:\/\/impormaderasltda.com\/wp-content\/uploads\/2023\/05\/impacto-1.gif\" alt=\"\" class=\"wp-image-2509\"\/><figcaption class=\"wp-element-caption\"><strong>Resistente al impacto<\/strong><\/figcaption><\/figure>\n<\/figure>\n\n\n\n<hr class=\"wp-block-separator has-alpha-channel-opacity\"\/>\n\n\n\n<div style=\"height:49px\" aria-hidden=\"true\" class=\"wp-block-spacer\"><\/div>\n\n\n\n<hr class=\"wp-block-separator has-alpha-channel-opacity\"\/>\n\n\n\n<figure class=\"wp-block-gallery has-nested-images columns-default is-cropped wp-block-gallery-2 is-layout-flex wp-block-gallery-is-layout-flex\">\n<figure class=\"wp-block-image size-large\"><img loading=\"lazy\" decoding=\"async\" width=\"837\" height=\"1024\" data-id=\"2493\" src=\"https:\/\/impormaderasltda.com\/wp-content\/uploads\/2023\/05\/cs3171-837x1024.png\" alt=\"\" class=\"wp-image-2493\" srcset=\"https:\/\/impormaderasltda.com\/wp-content\/uploads\/2023\/05\/cs3171-837x1024.png 837w, https:\/\/impormaderasltda.com\/wp-content\/uploads\/2023\/05\/cs3171-245x300.png 245w, https:\/\/impormaderasltda.com\/wp-content\/uploads\/2023\/05\/cs3171-768x940.png 768w, https:\/\/impormaderasltda.com\/wp-content\/uploads\/2023\/05\/cs3171-1255x1536.png 1255w, https:\/\/impormaderasltda.com\/wp-content\/uploads\/2023\/05\/cs3171-1673x2048.png 1673w\" sizes=\"(max-width: 837px) 100vw, 837px\" \/><figcaption class=\"wp-element-caption\"><strong>PALAZZO 3171<\/strong><\/figcaption><\/figure>\n\n\n\n<figure class=\"wp-block-image size-large\"><img loading=\"lazy\" decoding=\"async\" width=\"837\" height=\"1024\" data-id=\"2490\" src=\"https:\/\/impormaderasltda.com\/wp-content\/uploads\/2023\/05\/cs2260-837x1024.png\" alt=\"\" class=\"wp-image-2490\" srcset=\"https:\/\/impormaderasltda.com\/wp-content\/uploads\/2023\/05\/cs2260-837x1024.png 837w, https:\/\/impormaderasltda.com\/wp-content\/uploads\/2023\/05\/cs2260-245x300.png 245w, https:\/\/impormaderasltda.com\/wp-content\/uploads\/2023\/05\/cs2260-768x940.png 768w, https:\/\/impormaderasltda.com\/wp-content\/uploads\/2023\/05\/cs2260-1255x1536.png 1255w, https:\/\/impormaderasltda.com\/wp-content\/uploads\/2023\/05\/cs2260-1673x2048.png 1673w\" sizes=\"(max-width: 837px) 100vw, 837px\" \/><figcaption class=\"wp-element-caption\"><strong>BLACK 2260<\/strong><\/figcaption><\/figure>\n\n\n\n<figure class=\"wp-block-image size-large\"><img loading=\"lazy\" decoding=\"async\" width=\"837\" height=\"1024\" data-id=\"2494\" src=\"https:\/\/impormaderasltda.com\/wp-content\/uploads\/2023\/05\/cs3158-837x1024.png\" alt=\"\" class=\"wp-image-2494\" srcset=\"https:\/\/impormaderasltda.com\/wp-content\/uploads\/2023\/05\/cs3158-837x1024.png 837w, https:\/\/impormaderasltda.com\/wp-content\/uploads\/2023\/05\/cs3158-245x300.png 245w, https:\/\/impormaderasltda.com\/wp-content\/uploads\/2023\/05\/cs3158-768x940.png 768w, https:\/\/impormaderasltda.com\/wp-content\/uploads\/2023\/05\/cs3158-1255x1536.png 1255w, https:\/\/impormaderasltda.com\/wp-content\/uploads\/2023\/05\/cs3158-1673x2048.png 1673w\" sizes=\"(max-width: 837px) 100vw, 837px\" \/><figcaption class=\"wp-element-caption\"><strong>STATUARIO BIANCO 3158<\/strong><\/figcaption><\/figure>\n\n\n\n<figure class=\"wp-block-image size-large\"><img loading=\"lazy\" decoding=\"async\" width=\"837\" height=\"1024\" data-id=\"2497\" src=\"https:\/\/impormaderasltda.com\/wp-content\/uploads\/2023\/05\/cs3172-837x1024.png\" alt=\"\" class=\"wp-image-2497\" srcset=\"https:\/\/impormaderasltda.com\/wp-content\/uploads\/2023\/05\/cs3172-837x1024.png 837w, https:\/\/impormaderasltda.com\/wp-content\/uploads\/2023\/05\/cs3172-245x300.png 245w, https:\/\/impormaderasltda.com\/wp-content\/uploads\/2023\/05\/cs3172-768x940.png 768w, https:\/\/impormaderasltda.com\/wp-content\/uploads\/2023\/05\/cs3172-1255x1536.png 1255w, https:\/\/impormaderasltda.com\/wp-content\/uploads\/2023\/05\/cs3172-1673x2048.png 1673w\" sizes=\"(max-width: 837px) 100vw, 837px\" \/><figcaption class=\"wp-element-caption\"><strong>TIZIANO 3172<\/strong><\/figcaption><\/figure>\n\n\n\n<figure class=\"wp-block-image size-large\"><img loading=\"lazy\" decoding=\"async\" width=\"837\" height=\"1024\" data-id=\"2496\" src=\"https:\/\/impormaderasltda.com\/wp-content\/uploads\/2023\/05\/cs3170-837x1024.png\" alt=\"\" class=\"wp-image-2496\" srcset=\"https:\/\/impormaderasltda.com\/wp-content\/uploads\/2023\/05\/cs3170-837x1024.png 837w, https:\/\/impormaderasltda.com\/wp-content\/uploads\/2023\/05\/cs3170-245x300.png 245w, https:\/\/impormaderasltda.com\/wp-content\/uploads\/2023\/05\/cs3170-768x940.png 768w, https:\/\/impormaderasltda.com\/wp-content\/uploads\/2023\/05\/cs3170-1255x1536.png 1255w, https:\/\/impormaderasltda.com\/wp-content\/uploads\/2023\/05\/cs3170-1673x2048.png 1673w\" sizes=\"(max-width: 837px) 100vw, 837px\" \/><figcaption class=\"wp-element-caption\"><strong>HIMALAYA 3170<\/strong><\/figcaption><\/figure>\n\n\n\n<figure class=\"wp-block-image size-large\"><img loading=\"lazy\" decoding=\"async\" width=\"837\" height=\"1024\" data-id=\"2495\" src=\"https:\/\/impormaderasltda.com\/wp-content\/uploads\/2023\/05\/cs3176-837x1024.png\" alt=\"\" class=\"wp-image-2495\" srcset=\"https:\/\/impormaderasltda.com\/wp-content\/uploads\/2023\/05\/cs3176-837x1024.png 837w, https:\/\/impormaderasltda.com\/wp-content\/uploads\/2023\/05\/cs3176-245x300.png 245w, https:\/\/impormaderasltda.com\/wp-content\/uploads\/2023\/05\/cs3176-768x940.png 768w, https:\/\/impormaderasltda.com\/wp-content\/uploads\/2023\/05\/cs3176-1255x1536.png 1255w, https:\/\/impormaderasltda.com\/wp-content\/uploads\/2023\/05\/cs3176-1673x2048.png 1673w\" sizes=\"(max-width: 837px) 100vw, 837px\" \/><figcaption class=\"wp-element-caption\"><strong>ATENAS 3176<\/strong><\/figcaption><\/figure>\n<\/figure>\n\n\n\n<hr class=\"wp-block-separator has-alpha-channel-opacity\"\/>\n\n\n\n<p><\/p>\n\n\n<div class=\"wp-block-image\">\n<figure class=\"aligncenter size-large is-resized\"><img loading=\"lazy\" decoding=\"async\" src=\"https:\/\/impormaderasltda.com\/wp-content\/uploads\/2023\/05\/Compact-1024x284.png\" alt=\"\" class=\"wp-image-2500\" width=\"570\" height=\"157\" srcset=\"https:\/\/impormaderasltda.com\/wp-content\/uploads\/2023\/05\/Compact-1024x284.png 1024w, https:\/\/impormaderasltda.com\/wp-content\/uploads\/2023\/05\/Compact-300x83.png 300w, https:\/\/impormaderasltda.com\/wp-content\/uploads\/2023\/05\/Compact-768x213.png 768w, https:\/\/impormaderasltda.com\/wp-content\/uploads\/2023\/05\/Compact-1536x427.png 1536w, https:\/\/impormaderasltda.com\/wp-content\/uploads\/2023\/05\/Compact-2048x569.png 2048w\" sizes=\"(max-width: 570px) 100vw, 570px\" \/><\/figure>\n<\/div>\n\n\n<hr class=\"wp-block-separator has-alpha-channel-opacity\"\/>\n","protected":false},"excerpt":{"rendered":"<p>Imagina un mes\u00f3n altamente resistente, elegante, de f\u00e1cil cuidado y mantenimiento, con caracter\u00edsticas estructurales mucho m\u00e1s eficientes que la piedra natural y con el mejor desempe\u00f1o en cocinas. Colecci\u00f3n Una variedad de sofisticados dise\u00f1os contempor\u00e1neos y atemporales, en piedras de gran escala con una incre\u00edble apariencia natural y cantos delgados a tono, que van desde [&hellip;]<\/p>\n","protected":false},"author":1,"featured_media":0,"parent":0,"menu_order":0,"comment_status":"closed","ping_status":"closed","template":"template-full-width.php","meta":{"om_disable_all_campaigns":false,"_monsterinsights_skip_tracking":false,"_monsterinsights_sitenote_active":false,"_monsterinsights_sitenote_note":"","_monsterinsights_sitenote_category":0,"footnotes":""},"class_list":["post-2489","page","type-page","status-publish","hentry"],"_links":{"self":[{"href":"https:\/\/impormaderasltda.com\/index.php\/wp-json\/wp\/v2\/pages\/2489","targetHints":{"allow":["GET"]}}],"collection":[{"href":"https:\/\/impormaderasltda.com\/index.php\/wp-json\/wp\/v2\/pages"}],"about":[{"href":"https:\/\/impormaderasltda.com\/index.php\/wp-json\/wp\/v2\/types\/page"}],"author":[{"embeddable":true,"href":"https:\/\/impormaderasltda.com\/index.php\/wp-json\/wp\/v2\/users\/1"}],"replies":[{"embeddable":true,"href":"https:\/\/impormaderasltda.com\/index.php\/wp-json\/wp\/v2\/comments?post=2489"}],"version-history":[{"count":7,"href":"https:\/\/impormaderasltda.com\/index.php\/wp-json\/wp\/v2\/pages\/2489\/revisions"}],"predecessor-version":[{"id":2512,"href":"https:\/\/impormaderasltda.com\/index.php\/wp-json\/wp\/v2\/pages\/2489\/revisions\/2512"}],"wp:attachment":[{"href":"https:\/\/impormaderasltda.com\/index.php\/wp-json\/wp\/v2\/media?parent=2489"}],"curies":[{"name":"wp","href":"https:\/\/api.w.org\/{rel}","templated":true}]}}