{"id":2058,"date":"2022-09-09T13:23:01","date_gmt":"2022-09-09T13:23:01","guid":{"rendered":"https:\/\/impormaderasltda.com\/?page_id=2058"},"modified":"2023-08-11T16:56:24","modified_gmt":"2023-08-11T16:56:24","slug":"2058-2","status":"publish","type":"page","link":"https:\/\/impormaderasltda.com\/index.php\/2058-2\/","title":{"rendered":"POLITICA &#8211; SAGRILAFT"},"content":{"rendered":"\n<div class=\"wp-block-columns is-layout-flex wp-container-core-columns-is-layout-28f84493 wp-block-columns-is-layout-flex\">\n<div class=\"wp-block-column is-layout-flow wp-block-column-is-layout-flow\">\n<div style=\"height:100px\" aria-hidden=\"true\" class=\"wp-block-spacer\"><\/div>\n\n\n\n<h2 class=\"wp-block-heading\">POLITICA-SAGRILAFT<\/h2>\n\n\n\n<hr class=\"wp-block-separator has-alpha-channel-opacity\"\/>\n\n\n\n<a href=\"https:\/\/impormaderasltda.com\/wp-content\/uploads\/2022\/09\/EXTRACTO-POLITICA-SAGRILAFT_IMPORMADERAS.pdf\" class=\"pdfemb-viewer\" style=\"\" data-width=\"max\" data-height=\"max\" data-toolbar=\"bottom\" data-toolbar-fixed=\"off\">EXTRACTO-POLITICA-SAGRILAFT_IMPORMADERAS<\/a>\n\n\n\n<p class=\"has-text-align-center\"><strong>EXTRACTO POLITICA SAGRILAFT IMPORMADERAS:<\/strong> Mediante la <strong>cual IMPORMADERAS Ltda<\/strong> establece las pol\u00edticas para la mitigaci\u00f3n del riesgo de LAVADO DE ACTIVOS Y FINANCIACI\u00d3N DEL TERRORISMO.<\/p>\n\n\n\n<hr class=\"wp-block-separator has-alpha-channel-opacity\"\/>\n\n\n\n<p class=\"has-text-align-center\"><strong>FORMULARIO DE CANAL DE DENUNCIAS:<\/strong> Mediante este formulario colaboradores, clientes y proveedores, podr\u00e1n informar de manera segura y confiable cualquier situaci\u00f3n \u00e9tica o reporte de operaci\u00f3n sospechosa relacionada con el riesgo de lavado de activos. La informaci\u00f3n aqu\u00ed consignada es confidencial y solo ser\u00e1 administrada por el Oficial de Cumplimiento de la Empresa.<\/p>\n\n\n\n<div class=\"wp-block-buttons is-layout-flex wp-block-buttons-is-layout-flex\">\n<div class=\"wp-block-button is-style-fill\"><a class=\"wp-block-button__link has-background wp-element-button\" href=\"https:\/\/forms.office.com\/Pages\/ResponsePage.aspx?id=Y_dVGBsO0Ey2P1SSSSbKDMGGa4ToPwRKrd8StXW0qN1UMkVXQUEzOVFBU0tUODFRR1dCUVoxWkVTRiQlQCN0PWcu\" style=\"background-color:#037323\" target=\"_blank\" rel=\"noreferrer noopener\">CLICK AQU\u00cd<\/a><\/div>\n<\/div>\n<\/div>\n\n\n\n<div class=\"wp-block-column is-layout-flow wp-block-column-is-layout-flow\">\n<div style=\"height:100px\" aria-hidden=\"true\" class=\"wp-block-spacer\"><\/div>\n\n\n\n<h2 class=\"wp-block-heading\">TRANSPARENCIA<\/h2>\n\n\n\n<hr class=\"wp-block-separator has-alpha-channel-opacity\"\/>\n\n\n\n<a href=\"https:\/\/impormaderasltda.com\/wp-content\/uploads\/2022\/09\/EXTRACTO-PROGRAMA-DE-TRANSPARENCIA-Y-ETICA-EMPRESARIAL_IMPORMADERAS-1.pdf\" class=\"pdfemb-viewer\" style=\"\" data-width=\"max\" data-height=\"max\" data-toolbar=\"bottom\" data-toolbar-fixed=\"off\">EXTRACTO-PROGRAMA-DE-TRANSPARENCIA-Y-ETICA-EMPRESARIAL_IMPORMADERAS-1<\/a>\n\n\n\n<p class=\"has-text-align-center\"><strong>EXTRACTO PROGRAMA DE TRANSPARENCIA Y ETICA EMPRESARIAL IMPORMADERAS<\/strong>: Mediante el cual <strong>IMPORMADERAS Ltda<\/strong> establece la pol\u00edtica para mitigar los riesgos de corrupci\u00f3n y soborno.<\/p>\n\n\n\n<hr class=\"wp-block-separator has-alpha-channel-opacity\"\/>\n\n\n\n<p class=\"has-text-align-center\"><strong>FORMULARIO DE DECLARACION DE CONFLICTOS DE INTERES: <\/strong>Para la compa\u00f1\u00eda es importante la coherencia entre los valores corporativos y la actuaci\u00f3n de nuestros colaboradores y partes interesadas. A trav\u00e9s de este mecanismo Ud. puede declarar cualquier conflicto de inter\u00e9s que afecte la relaci\u00f3n con IMPORMADERAS.<\/p>\n\n\n\n<div class=\"wp-block-buttons is-layout-flex wp-block-buttons-is-layout-flex\">\n<div class=\"wp-block-button\"><a class=\"wp-block-button__link has-background wp-element-button\" href=\"https:\/\/forms.office.com\/Pages\/ResponsePage.aspx?id=Y_dVGBsO0Ey2P1SSSSbKDMGGa4ToPwRKrd8StXW0qN1UMFpIMlZFNkEzUzRXSklZREFIN1gxQ1ZJSSQlQCN0PWcu\" style=\"background-color:#0a7830\" target=\"_blank\" rel=\"noreferrer noopener\">CLICK AQU\u00cd<\/a><\/div>\n<\/div>\n<\/div>\n<\/div>\n\n\n\n<div style=\"height:100px\" aria-hidden=\"true\" class=\"wp-block-spacer\"><\/div>\n\n\n\n<p><strong>Oficial de cumplimiento delegado<\/strong><\/p>\n\n\n\n<hr class=\"wp-block-separator has-alpha-channel-opacity\"\/>\n\n\n\n<p><strong>Erick Ronald Gonzalez Guzman<\/strong><br><strong>Email: <\/strong>erickgonzalez@rsestrategica.com<br><strong>WEB: <\/strong>www.rsestrategica.co<br><strong>RSEstrategica SAS\u00ae<\/strong><\/p>\n\n\n\n<div style=\"height:100px\" aria-hidden=\"true\" class=\"wp-block-spacer\"><\/div>\n","protected":false},"excerpt":{"rendered":"<p>POLITICA-SAGRILAFT EXTRACTO POLITICA SAGRILAFT IMPORMADERAS: Mediante la cual IMPORMADERAS Ltda establece las pol\u00edticas para la mitigaci\u00f3n del riesgo de LAVADO DE ACTIVOS Y FINANCIACI\u00d3N DEL TERRORISMO. FORMULARIO DE CANAL DE DENUNCIAS: Mediante este formulario colaboradores, clientes y proveedores, podr\u00e1n informar de manera segura y confiable cualquier situaci\u00f3n \u00e9tica o reporte de operaci\u00f3n sospechosa relacionada con [&hellip;]<\/p>\n","protected":false},"author":1,"featured_media":0,"parent":0,"menu_order":0,"comment_status":"closed","ping_status":"closed","template":"elementor_header_footer","meta":{"om_disable_all_campaigns":false,"_monsterinsights_skip_tracking":false,"_monsterinsights_sitenote_active":false,"_monsterinsights_sitenote_note":"","_monsterinsights_sitenote_category":0,"footnotes":""},"class_list":["post-2058","page","type-page","status-publish","hentry"],"_links":{"self":[{"href":"https:\/\/impormaderasltda.com\/index.php\/wp-json\/wp\/v2\/pages\/2058","targetHints":{"allow":["GET"]}}],"collection":[{"href":"https:\/\/impormaderasltda.com\/index.php\/wp-json\/wp\/v2\/pages"}],"about":[{"href":"https:\/\/impormaderasltda.com\/index.php\/wp-json\/wp\/v2\/types\/page"}],"author":[{"embeddable":true,"href":"https:\/\/impormaderasltda.com\/index.php\/wp-json\/wp\/v2\/users\/1"}],"replies":[{"embeddable":true,"href":"https:\/\/impormaderasltda.com\/index.php\/wp-json\/wp\/v2\/comments?post=2058"}],"version-history":[{"count":19,"href":"https:\/\/impormaderasltda.com\/index.php\/wp-json\/wp\/v2\/pages\/2058\/revisions"}],"predecessor-version":[{"id":2544,"href":"https:\/\/impormaderasltda.com\/index.php\/wp-json\/wp\/v2\/pages\/2058\/revisions\/2544"}],"wp:attachment":[{"href":"https:\/\/impormaderasltda.com\/index.php\/wp-json\/wp\/v2\/media?parent=2058"}],"curies":[{"name":"wp","href":"https:\/\/api.w.org\/{rel}","templated":true}]}}